{"id":4328,"date":"2025-07-31T15:16:49","date_gmt":"2025-07-31T20:16:49","guid":{"rendered":"https:\/\/mramazonica.gob.pe\/portal\/?page_id=4328"},"modified":"2025-07-31T16:40:21","modified_gmt":"2025-07-31T21:40:21","slug":"galeria","status":"publish","type":"page","link":"https:\/\/mramazonica.gob.pe\/portal\/galeria\/","title":{"rendered":"Galer\u00eda"},"content":{"rendered":"\t\t<div data-elementor-type=\"wp-page\" data-elementor-id=\"4328\" class=\"elementor elementor-4328\" data-elementor-settings=\"[]\">\n\t\t\t\t\t\t<div class=\"elementor-inner\">\n\t\t\t\t\t\t\t<div class=\"elementor-section-wrap\">\n\t\t\t\t\t\t\t<section class=\"elementor-section elementor-top-section elementor-element elementor-element-dd6331b elementor-section-stretched elementor-section-boxed elementor-section-height-default elementor-section-height-default\" data-id=\"dd6331b\" data-element_type=\"section\" data-settings=\"{&quot;background_background&quot;:&quot;gradient&quot;,&quot;stretch_section&quot;:&quot;section-stretched&quot;,&quot;ekit_has_onepagescroll_dot&quot;:&quot;yes&quot;}\">\n\t\t\t\t\t\t\t<div class=\"elementor-background-overlay\"><\/div>\n\t\t\t\t\t\t\t<div class=\"elementor-container elementor-column-gap-default\">\n\t\t\t\t\t\t\t<div class=\"elementor-row\">\n\t\t\t\t\t<div class=\"elementor-column elementor-col-100 elementor-top-column elementor-element elementor-element-0440b9b\" data-id=\"0440b9b\" data-element_type=\"column\">\n\t\t\t<div class=\"elementor-column-wrap elementor-element-populated\">\n\t\t\t\t\t\t\t<div class=\"elementor-widget-wrap\">\n\t\t\t\t\t\t<div class=\"elementor-element elementor-element-1301959 jet-breadcrumbs-align-mobile-center elementor-widget elementor-widget-jet-breadcrumbs\" data-id=\"1301959\" data-element_type=\"widget\" data-widget_type=\"jet-breadcrumbs.default\">\n\t\t\t\t<div class=\"elementor-widget-container\">\n\t\t\t<div class=\"elementor-jet-breadcrumbs jet-blocks\">\n\t\t<div class=\"jet-breadcrumbs\">\n\t\t<div class=\"jet-breadcrumbs__content\">\n\t\t<div class=\"jet-breadcrumbs__wrap\"><div class=\"jet-breadcrumbs__item\"><a href=\"https:\/\/mramazonica.gob.pe\/portal\/\" class=\"jet-breadcrumbs__item-link is-home\" rel=\"home\" title=\"Inicio\">Inicio<\/a><\/div>\n\t\t<\/div>\n\t\t<\/div>\n\t\t<\/div><\/div>\t\t<\/div>\n\t\t\t\t<\/div>\n\t\t\t\t\t\t<\/div>\n\t\t\t\t\t<\/div>\n\t\t<\/div>\n\t\t\t\t\t\t\t\t<\/div>\n\t\t\t\t\t<\/div>\n\t\t<\/section>\n\t\t\t\t<section class=\"elementor-section elementor-top-section elementor-element elementor-element-f50014e elementor-section-content-middle elementor-section-boxed elementor-section-height-default elementor-section-height-default\" data-id=\"f50014e\" data-element_type=\"section\" data-settings=\"{&quot;ekit_has_onepagescroll_dot&quot;:&quot;yes&quot;}\">\n\t\t\t\t\t\t<div class=\"elementor-container elementor-column-gap-no\">\n\t\t\t\t\t\t\t<div class=\"elementor-row\">\n\t\t\t\t\t<div class=\"elementor-column elementor-col-100 elementor-top-column elementor-element elementor-element-55f9adb\" data-id=\"55f9adb\" data-element_type=\"column\">\n\t\t\t<div class=\"elementor-column-wrap elementor-element-populated\">\n\t\t\t\t\t\t\t<div class=\"elementor-widget-wrap\">\n\t\t\t\t\t\t<div class=\"elementor-element elementor-element-fcf9beb elementor-widget elementor-widget-jet-headline\" data-id=\"fcf9beb\" data-element_type=\"widget\" data-widget_type=\"jet-headline.default\">\n\t\t\t\t<div class=\"elementor-widget-container\">\n\t\t\t<h1 class=\"jet-headline jet-headline--direction-vertical\"><span class=\"jet-headline__part jet-headline__first\"><span class=\"jet-headline__label\">NUESTRA<\/span><\/span><span class=\"jet-headline__part jet-headline__second\"><span class=\"jet-headline__label\">GALER\u00cdA<\/span><\/span><\/h1>\t\t<\/div>\n\t\t\t\t<\/div>\n\t\t\t\t<div class=\"elementor-element elementor-element-583fe9e elementor-invisible elementor-widget elementor-widget-divider\" data-id=\"583fe9e\" data-element_type=\"widget\" data-settings=\"{&quot;_animation&quot;:&quot;fadeIn&quot;}\" data-widget_type=\"divider.default\">\n\t\t\t\t<div class=\"elementor-widget-container\">\n\t\t\t\t\t<div class=\"elementor-divider\">\n\t\t\t<span class=\"elementor-divider-separator\">\n\t\t\t\t\t\t<\/span>\n\t\t<\/div>\n\t\t\t\t<\/div>\n\t\t\t\t<\/div>\n\t\t\t\t\t\t<\/div>\n\t\t\t\t\t<\/div>\n\t\t<\/div>\n\t\t\t\t\t\t\t\t<\/div>\n\t\t\t\t\t<\/div>\n\t\t<\/section>\n\t\t\t\t<section class=\"elementor-section elementor-top-section elementor-element elementor-element-4f2ddb1 elementor-section-boxed elementor-section-height-default elementor-section-height-default\" data-id=\"4f2ddb1\" data-element_type=\"section\" data-settings=\"{&quot;ekit_has_onepagescroll_dot&quot;:&quot;yes&quot;}\">\n\t\t\t\t\t\t<div class=\"elementor-container elementor-column-gap-default\">\n\t\t\t\t\t\t\t<div class=\"elementor-row\">\n\t\t\t\t\t<div class=\"elementor-column elementor-col-100 elementor-top-column elementor-element elementor-element-5ef4798\" data-id=\"5ef4798\" data-element_type=\"column\">\n\t\t\t<div class=\"elementor-column-wrap elementor-element-populated\">\n\t\t\t\t\t\t\t<div class=\"elementor-widget-wrap\">\n\t\t\t\t\t\t<div class=\"elementor-element elementor-element-6c967dc elementor-widget elementor-widget-image-gallery\" data-id=\"6c967dc\" data-element_type=\"widget\" data-widget_type=\"image-gallery.default\">\n\t\t\t\t<div class=\"elementor-widget-container\">\n\t\t\t\t\t<div class=\"elementor-image-gallery\">\n\t\t\t<div id='gallery-1' class='gallery galleryid-4328 gallery-columns-3 gallery-size-full'><figure class='gallery-item'>\n\t\t\t<div class='gallery-icon landscape'>\n\t\t\t\t<a data-elementor-open-lightbox=\"yes\" data-elementor-lightbox-slideshow=\"6c967dc\" data-elementor-lightbox-title=\"Manuel Gambini\" href='https:\/\/mramazonica.gob.pe\/portal\/wp-content\/uploads\/2025\/07\/Manuel-Gambini.jpg'><img width=\"1440\" height=\"960\" src=\"https:\/\/mramazonica.gob.pe\/portal\/wp-content\/uploads\/2025\/07\/Manuel-Gambini.jpg\" class=\"attachment-full size-full\" alt=\"\" loading=\"lazy\" srcset=\"https:\/\/mramazonica.gob.pe\/portal\/wp-content\/uploads\/2025\/07\/Manuel-Gambini.jpg 1440w, https:\/\/mramazonica.gob.pe\/portal\/wp-content\/uploads\/2025\/07\/Manuel-Gambini-300x200.jpg 300w, https:\/\/mramazonica.gob.pe\/portal\/wp-content\/uploads\/2025\/07\/Manuel-Gambini-1024x683.jpg 1024w, https:\/\/mramazonica.gob.pe\/portal\/wp-content\/uploads\/2025\/07\/Manuel-Gambini-768x512.jpg 768w, https:\/\/mramazonica.gob.pe\/portal\/wp-content\/uploads\/2025\/07\/Manuel-Gambini-16x12.jpg 16w, https:\/\/mramazonica.gob.pe\/portal\/wp-content\/uploads\/2025\/07\/Manuel-Gambini-600x400.jpg 600w\" sizes=\"(max-width: 1440px) 100vw, 1440px\" \/><\/a>\n\t\t\t<\/div><\/figure><figure class='gallery-item'>\n\t\t\t<div class='gallery-icon landscape'>\n\t\t\t\t<a data-elementor-open-lightbox=\"yes\" data-elementor-lightbox-slideshow=\"6c967dc\" data-elementor-lightbox-title=\"MANCOMUNIDAD REGIONAL\" href='https:\/\/mramazonica.gob.pe\/portal\/wp-content\/uploads\/2025\/07\/MANCOMUNIDAD-REGIONAL.jpeg'><img width=\"1600\" height=\"1067\" src=\"https:\/\/mramazonica.gob.pe\/portal\/wp-content\/uploads\/2025\/07\/MANCOMUNIDAD-REGIONAL.jpeg\" class=\"attachment-full size-full\" alt=\"\" loading=\"lazy\" srcset=\"https:\/\/mramazonica.gob.pe\/portal\/wp-content\/uploads\/2025\/07\/MANCOMUNIDAD-REGIONAL.jpeg 1600w, https:\/\/mramazonica.gob.pe\/portal\/wp-content\/uploads\/2025\/07\/MANCOMUNIDAD-REGIONAL-300x200.jpeg 300w, https:\/\/mramazonica.gob.pe\/portal\/wp-content\/uploads\/2025\/07\/MANCOMUNIDAD-REGIONAL-1024x683.jpeg 1024w, https:\/\/mramazonica.gob.pe\/portal\/wp-content\/uploads\/2025\/07\/MANCOMUNIDAD-REGIONAL-768x512.jpeg 768w, https:\/\/mramazonica.gob.pe\/portal\/wp-content\/uploads\/2025\/07\/MANCOMUNIDAD-REGIONAL-1536x1024.jpeg 1536w, https:\/\/mramazonica.gob.pe\/portal\/wp-content\/uploads\/2025\/07\/MANCOMUNIDAD-REGIONAL-16x12.jpeg 16w, https:\/\/mramazonica.gob.pe\/portal\/wp-content\/uploads\/2025\/07\/MANCOMUNIDAD-REGIONAL-600x400.jpeg 600w\" sizes=\"(max-width: 1600px) 100vw, 1600px\" \/><\/a>\n\t\t\t<\/div><\/figure><figure class='gallery-item'>\n\t\t\t<div class='gallery-icon landscape'>\n\t\t\t\t<a data-elementor-open-lightbox=\"yes\" data-elementor-lightbox-slideshow=\"6c967dc\" data-elementor-lightbox-title=\"AMAZONIA-PERU\" href='https:\/\/mramazonica.gob.pe\/portal\/wp-content\/uploads\/2025\/07\/AMAZONIA-PERU-1.jpg'><img width=\"1920\" height=\"1080\" src=\"https:\/\/mramazonica.gob.pe\/portal\/wp-content\/uploads\/2025\/07\/AMAZONIA-PERU-1.jpg\" class=\"attachment-full size-full\" alt=\"\" loading=\"lazy\" srcset=\"https:\/\/mramazonica.gob.pe\/portal\/wp-content\/uploads\/2025\/07\/AMAZONIA-PERU-1.jpg 1920w, https:\/\/mramazonica.gob.pe\/portal\/wp-content\/uploads\/2025\/07\/AMAZONIA-PERU-1-300x169.jpg 300w, https:\/\/mramazonica.gob.pe\/portal\/wp-content\/uploads\/2025\/07\/AMAZONIA-PERU-1-1024x576.jpg 1024w, https:\/\/mramazonica.gob.pe\/portal\/wp-content\/uploads\/2025\/07\/AMAZONIA-PERU-1-768x432.jpg 768w, https:\/\/mramazonica.gob.pe\/portal\/wp-content\/uploads\/2025\/07\/AMAZONIA-PERU-1-1536x864.jpg 1536w, https:\/\/mramazonica.gob.pe\/portal\/wp-content\/uploads\/2025\/07\/AMAZONIA-PERU-1-16x9.jpg 16w, https:\/\/mramazonica.gob.pe\/portal\/wp-content\/uploads\/2025\/07\/AMAZONIA-PERU-1-600x338.jpg 600w\" sizes=\"(max-width: 1920px) 100vw, 1920px\" \/><\/a>\n\t\t\t<\/div><\/figure><figure class='gallery-item'>\n\t\t\t<div class='gallery-icon landscape'>\n\t\t\t\t<a data-elementor-open-lightbox=\"yes\" data-elementor-lightbox-slideshow=\"6c967dc\" data-elementor-lightbox-title=\"AMAZONIA-PERU\" href='https:\/\/mramazonica.gob.pe\/portal\/wp-content\/uploads\/2025\/07\/AMAZONIA-PERU.jpg'><img width=\"1536\" height=\"1024\" src=\"https:\/\/mramazonica.gob.pe\/portal\/wp-content\/uploads\/2025\/07\/AMAZONIA-PERU.jpg\" class=\"attachment-full size-full\" alt=\"\" loading=\"lazy\" srcset=\"https:\/\/mramazonica.gob.pe\/portal\/wp-content\/uploads\/2025\/07\/AMAZONIA-PERU.jpg 1536w, https:\/\/mramazonica.gob.pe\/portal\/wp-content\/uploads\/2025\/07\/AMAZONIA-PERU-300x200.jpg 300w, https:\/\/mramazonica.gob.pe\/portal\/wp-content\/uploads\/2025\/07\/AMAZONIA-PERU-1024x683.jpg 1024w, https:\/\/mramazonica.gob.pe\/portal\/wp-content\/uploads\/2025\/07\/AMAZONIA-PERU-768x512.jpg 768w, https:\/\/mramazonica.gob.pe\/portal\/wp-content\/uploads\/2025\/07\/AMAZONIA-PERU-16x12.jpg 16w, https:\/\/mramazonica.gob.pe\/portal\/wp-content\/uploads\/2025\/07\/AMAZONIA-PERU-600x400.jpg 600w\" sizes=\"(max-width: 1536px) 100vw, 1536px\" \/><\/a>\n\t\t\t<\/div><\/figure><figure class='gallery-item'>\n\t\t\t<div class='gallery-icon landscape'>\n\t\t\t\t<a data-elementor-open-lightbox=\"yes\" data-elementor-lightbox-slideshow=\"6c967dc\" data-elementor-lightbox-title=\"UCAYALI\" href='https:\/\/mramazonica.gob.pe\/portal\/wp-content\/uploads\/2025\/07\/UCAYALI.jpg'><img width=\"1536\" height=\"1024\" src=\"https:\/\/mramazonica.gob.pe\/portal\/wp-content\/uploads\/2025\/07\/UCAYALI.jpg\" class=\"attachment-full size-full\" alt=\"\" loading=\"lazy\" srcset=\"https:\/\/mramazonica.gob.pe\/portal\/wp-content\/uploads\/2025\/07\/UCAYALI.jpg 1536w, https:\/\/mramazonica.gob.pe\/portal\/wp-content\/uploads\/2025\/07\/UCAYALI-300x200.jpg 300w, https:\/\/mramazonica.gob.pe\/portal\/wp-content\/uploads\/2025\/07\/UCAYALI-1024x683.jpg 1024w, https:\/\/mramazonica.gob.pe\/portal\/wp-content\/uploads\/2025\/07\/UCAYALI-768x512.jpg 768w, https:\/\/mramazonica.gob.pe\/portal\/wp-content\/uploads\/2025\/07\/UCAYALI-16x12.jpg 16w, https:\/\/mramazonica.gob.pe\/portal\/wp-content\/uploads\/2025\/07\/UCAYALI-600x400.jpg 600w\" sizes=\"(max-width: 1536px) 100vw, 1536px\" \/><\/a>\n\t\t\t<\/div><\/figure><figure class='gallery-item'>\n\t\t\t<div class='gallery-icon landscape'>\n\t\t\t\t<a data-elementor-open-lightbox=\"yes\" data-elementor-lightbox-slideshow=\"6c967dc\" data-elementor-lightbox-title=\"MANCOMUNIDAD\" href='https:\/\/mramazonica.gob.pe\/portal\/wp-content\/uploads\/2025\/07\/MANCOMUNIDAD-scaled.jpg'><img width=\"2560\" height=\"1707\" src=\"https:\/\/mramazonica.gob.pe\/portal\/wp-content\/uploads\/2025\/07\/MANCOMUNIDAD-scaled.jpg\" class=\"attachment-full size-full\" alt=\"\" loading=\"lazy\" srcset=\"https:\/\/mramazonica.gob.pe\/portal\/wp-content\/uploads\/2025\/07\/MANCOMUNIDAD-scaled.jpg 2560w, https:\/\/mramazonica.gob.pe\/portal\/wp-content\/uploads\/2025\/07\/MANCOMUNIDAD-300x200.jpg 300w, https:\/\/mramazonica.gob.pe\/portal\/wp-content\/uploads\/2025\/07\/MANCOMUNIDAD-1024x683.jpg 1024w, https:\/\/mramazonica.gob.pe\/portal\/wp-content\/uploads\/2025\/07\/MANCOMUNIDAD-768x512.jpg 768w, https:\/\/mramazonica.gob.pe\/portal\/wp-content\/uploads\/2025\/07\/MANCOMUNIDAD-1536x1024.jpg 1536w, https:\/\/mramazonica.gob.pe\/portal\/wp-content\/uploads\/2025\/07\/MANCOMUNIDAD-2048x1366.jpg 2048w, https:\/\/mramazonica.gob.pe\/portal\/wp-content\/uploads\/2025\/07\/MANCOMUNIDAD-16x12.jpg 16w, https:\/\/mramazonica.gob.pe\/portal\/wp-content\/uploads\/2025\/07\/MANCOMUNIDAD-600x400.jpg 600w\" sizes=\"(max-width: 2560px) 100vw, 2560px\" \/><\/a>\n\t\t\t<\/div><\/figure>\n\t\t<\/div>\n\t\t<\/div>\n\t\t\t\t<\/div>\n\t\t\t\t<\/div>\n\t\t\t\t\t\t<\/div>\n\t\t\t\t\t<\/div>\n\t\t<\/div>\n\t\t\t\t\t\t\t\t<\/div>\n\t\t\t\t\t<\/div>\n\t\t<\/section>\n\t\t\t\t<section class=\"elementor-section elementor-top-section elementor-element elementor-element-c117638 elementor-section-boxed elementor-section-height-default elementor-section-height-default\" data-id=\"c117638\" data-element_type=\"section\" data-settings=\"{&quot;ekit_has_onepagescroll_dot&quot;:&quot;yes&quot;}\">\n\t\t\t\t\t\t<div class=\"elementor-container elementor-column-gap-default\">\n\t\t\t\t\t\t\t<div class=\"elementor-row\">\n\t\t\t\t\t<div class=\"elementor-column elementor-col-100 elementor-top-column elementor-element elementor-element-2292ef0\" data-id=\"2292ef0\" data-element_type=\"column\">\n\t\t\t<div class=\"elementor-column-wrap elementor-element-populated\">\n\t\t\t\t\t\t\t<div class=\"elementor-widget-wrap\">\n\t\t\t\t\t\t<div class=\"elementor-element elementor-element-a390b99 elementor-align-center elementor-widget elementor-widget-button\" data-id=\"a390b99\" data-element_type=\"widget\" data-widget_type=\"button.default\">\n\t\t\t\t<div class=\"elementor-widget-container\">\n\t\t\t\t\t<div class=\"elementor-button-wrapper\">\n\t\t\t<a href=\"https:\/\/mramazonica.gob.pe\/portal\/wp-content\/uploads\/2025\/07\/IDENTIDAD-VISUAL-MANCOMUNIDAD-REGIONAL-AMAZONICA-24-JUNIO-1.pdf\" class=\"elementor-button-link elementor-button elementor-size-sm elementor-animation-bob\" role=\"button\">\n\t\t\t\t\t\t<span class=\"elementor-button-content-wrapper\">\n\t\t\t\t\t\t<span class=\"elementor-button-icon elementor-align-icon-left\">\n\t\t\t\t<i aria-hidden=\"true\" class=\"fas fa-file-download\"><\/i>\t\t\t<\/span>\n\t\t\t\t\t\t<span class=\"elementor-button-text\">IDENTIDAD VISUAL<\/span>\n\t\t<\/span>\n\t\t\t\t\t<\/a>\n\t\t<\/div>\n\t\t\t\t<\/div>\n\t\t\t\t<\/div>\n\t\t\t\t\t\t<\/div>\n\t\t\t\t\t<\/div>\n\t\t<\/div>\n\t\t\t\t\t\t\t\t<\/div>\n\t\t\t\t\t<\/div>\n\t\t<\/section>\n\t\t\t\t<section class=\"elementor-section elementor-top-section elementor-element elementor-element-4887248 elementor-section-boxed elementor-section-height-default elementor-section-height-default\" data-id=\"4887248\" data-element_type=\"section\" data-settings=\"{&quot;ekit_has_onepagescroll_dot&quot;:&quot;yes&quot;}\">\n\t\t\t\t\t\t<div class=\"elementor-container elementor-column-gap-default\">\n\t\t\t\t\t\t\t<div class=\"elementor-row\">\n\t\t\t\t\t<div class=\"elementor-column elementor-col-100 elementor-top-column elementor-element elementor-element-ff47192\" data-id=\"ff47192\" data-element_type=\"column\">\n\t\t\t<div class=\"elementor-column-wrap elementor-element-populated\">\n\t\t\t\t\t\t\t<div class=\"elementor-widget-wrap\">\n\t\t\t\t\t\t<div class=\"elementor-element elementor-element-f9a48d5 elementor-widget elementor-widget-spacer\" data-id=\"f9a48d5\" data-element_type=\"widget\" data-widget_type=\"spacer.default\">\n\t\t\t\t<div class=\"elementor-widget-container\">\n\t\t\t\t\t<div class=\"elementor-spacer\">\n\t\t\t<div class=\"elementor-spacer-inner\"><\/div>\n\t\t<\/div>\n\t\t\t\t<\/div>\n\t\t\t\t<\/div>\n\t\t\t\t\t\t<\/div>\n\t\t\t\t\t<\/div>\n\t\t<\/div>\n\t\t\t\t\t\t\t\t<\/div>\n\t\t\t\t\t<\/div>\n\t\t<\/section>\n\t\t\t\t\t\t<\/div>\n\t\t\t\t\t\t<\/div>\n\t\t\t\t\t<\/div>\n\t\t","protected":false},"excerpt":{"rendered":"<p>En construcci\u00f3n NUESTRAGALER\u00cdA IDENTIDAD VISUAL<\/p>\n","protected":false},"author":5,"featured_media":0,"parent":0,"menu_order":0,"comment_status":"closed","ping_status":"closed","template":"elementor_header_footer","meta":[],"wf_page_folders":[],"yoast_head":"<!-- This site is optimized with the Yoast SEO plugin v16.8 - https:\/\/yoast.com\/wordpress\/plugins\/seo\/ -->\n<title>Galer\u00eda - MANCOMUNIDAD REGIONAL AMAZ\u00d3NICA<\/title>\n<meta name=\"robots\" content=\"index, follow, max-snippet:-1, max-image-preview:large, max-video-preview:-1\" \/>\n<link rel=\"canonical\" href=\"https:\/\/mramazonica.gob.pe\/portal\/galeria\/\" \/>\n<meta property=\"og:locale\" content=\"es_ES\" \/>\n<meta property=\"og:type\" content=\"article\" \/>\n<meta property=\"og:title\" content=\"Galer\u00eda - MANCOMUNIDAD REGIONAL AMAZ\u00d3NICA\" \/>\n<meta property=\"og:description\" content=\"En construcci\u00f3n NUESTRAGALER\u00cdA IDENTIDAD VISUAL\" \/>\n<meta property=\"og:url\" content=\"https:\/\/mramazonica.gob.pe\/portal\/galeria\/\" \/>\n<meta property=\"og:site_name\" content=\"MANCOMUNIDAD REGIONAL AMAZ\u00d3NICA\" \/>\n<meta property=\"article:modified_time\" content=\"2025-07-31T21:40:21+00:00\" \/>\n<meta property=\"og:image\" content=\"https:\/\/mramazonica.gob.pe\/portal\/wp-content\/uploads\/2025\/07\/Manuel-Gambini.jpg\" \/>\n<meta name=\"twitter:card\" content=\"summary_large_image\" \/>\n<meta name=\"twitter:label1\" content=\"Tiempo de lectura\" \/>\n\t<meta name=\"twitter:data1\" content=\"2 minutos\" \/>\n<script type=\"application\/ld+json\" class=\"yoast-schema-graph\">{\"@context\":\"https:\/\/schema.org\",\"@graph\":[{\"@type\":\"WebSite\",\"@id\":\"https:\/\/mramazonica.gob.pe\/portal\/#website\",\"url\":\"https:\/\/mramazonica.gob.pe\/portal\/\",\"name\":\"MANCOMUNIDAD REGIONAL AMAZ\\u00d3NICA\",\"description\":\"Promover propuestas de desarrollo bajo en emisiones y producci\\u00f3n sostenible para el beneficio de la Amazonia Peruana.\",\"potentialAction\":[{\"@type\":\"SearchAction\",\"target\":{\"@type\":\"EntryPoint\",\"urlTemplate\":\"https:\/\/mramazonica.gob.pe\/portal\/?s={search_term_string}\"},\"query-input\":\"required name=search_term_string\"}],\"inLanguage\":\"es\"},{\"@type\":\"ImageObject\",\"@id\":\"https:\/\/mramazonica.gob.pe\/portal\/galeria\/#primaryimage\",\"inLanguage\":\"es\",\"url\":\"https:\/\/mramazonica.gob.pe\/portal\/wp-content\/uploads\/2025\/07\/Manuel-Gambini.jpg\",\"contentUrl\":\"https:\/\/mramazonica.gob.pe\/portal\/wp-content\/uploads\/2025\/07\/Manuel-Gambini.jpg\",\"width\":1440,\"height\":960},{\"@type\":\"WebPage\",\"@id\":\"https:\/\/mramazonica.gob.pe\/portal\/galeria\/#webpage\",\"url\":\"https:\/\/mramazonica.gob.pe\/portal\/galeria\/\",\"name\":\"Galer\\u00eda - MANCOMUNIDAD REGIONAL AMAZ\\u00d3NICA\",\"isPartOf\":{\"@id\":\"https:\/\/mramazonica.gob.pe\/portal\/#website\"},\"primaryImageOfPage\":{\"@id\":\"https:\/\/mramazonica.gob.pe\/portal\/galeria\/#primaryimage\"},\"datePublished\":\"2025-07-31T20:16:49+00:00\",\"dateModified\":\"2025-07-31T21:40:21+00:00\",\"breadcrumb\":{\"@id\":\"https:\/\/mramazonica.gob.pe\/portal\/galeria\/#breadcrumb\"},\"inLanguage\":\"es\",\"potentialAction\":[{\"@type\":\"ReadAction\",\"target\":[\"https:\/\/mramazonica.gob.pe\/portal\/galeria\/\"]}]},{\"@type\":\"BreadcrumbList\",\"@id\":\"https:\/\/mramazonica.gob.pe\/portal\/galeria\/#breadcrumb\",\"itemListElement\":[{\"@type\":\"ListItem\",\"position\":1,\"name\":\"Portada\",\"item\":\"https:\/\/mramazonica.gob.pe\/portal\/\"},{\"@type\":\"ListItem\",\"position\":2,\"name\":\"Galer\\u00eda\"}]}]}<\/script>\n<!-- \/ Yoast SEO plugin. -->","yoast_head_json":{"title":"Galer\u00eda - MANCOMUNIDAD REGIONAL AMAZ\u00d3NICA","robots":{"index":"index","follow":"follow","max-snippet":"max-snippet:-1","max-image-preview":"max-image-preview:large","max-video-preview":"max-video-preview:-1"},"canonical":"https:\/\/mramazonica.gob.pe\/portal\/galeria\/","og_locale":"es_ES","og_type":"article","og_title":"Galer\u00eda - MANCOMUNIDAD REGIONAL AMAZ\u00d3NICA","og_description":"En construcci\u00f3n NUESTRAGALER\u00cdA IDENTIDAD VISUAL","og_url":"https:\/\/mramazonica.gob.pe\/portal\/galeria\/","og_site_name":"MANCOMUNIDAD REGIONAL AMAZ\u00d3NICA","article_modified_time":"2025-07-31T21:40:21+00:00","og_image":[{"url":"https:\/\/mramazonica.gob.pe\/portal\/wp-content\/uploads\/2025\/07\/Manuel-Gambini.jpg"}],"twitter_card":"summary_large_image","twitter_misc":{"Tiempo de lectura":"2 minutos"},"schema":{"@context":"https:\/\/schema.org","@graph":[{"@type":"WebSite","@id":"https:\/\/mramazonica.gob.pe\/portal\/#website","url":"https:\/\/mramazonica.gob.pe\/portal\/","name":"MANCOMUNIDAD REGIONAL AMAZ\u00d3NICA","description":"Promover propuestas de desarrollo bajo en emisiones y producci\u00f3n sostenible para el beneficio de la Amazonia Peruana.","potentialAction":[{"@type":"SearchAction","target":{"@type":"EntryPoint","urlTemplate":"https:\/\/mramazonica.gob.pe\/portal\/?s={search_term_string}"},"query-input":"required name=search_term_string"}],"inLanguage":"es"},{"@type":"ImageObject","@id":"https:\/\/mramazonica.gob.pe\/portal\/galeria\/#primaryimage","inLanguage":"es","url":"https:\/\/mramazonica.gob.pe\/portal\/wp-content\/uploads\/2025\/07\/Manuel-Gambini.jpg","contentUrl":"https:\/\/mramazonica.gob.pe\/portal\/wp-content\/uploads\/2025\/07\/Manuel-Gambini.jpg","width":1440,"height":960},{"@type":"WebPage","@id":"https:\/\/mramazonica.gob.pe\/portal\/galeria\/#webpage","url":"https:\/\/mramazonica.gob.pe\/portal\/galeria\/","name":"Galer\u00eda - MANCOMUNIDAD REGIONAL AMAZ\u00d3NICA","isPartOf":{"@id":"https:\/\/mramazonica.gob.pe\/portal\/#website"},"primaryImageOfPage":{"@id":"https:\/\/mramazonica.gob.pe\/portal\/galeria\/#primaryimage"},"datePublished":"2025-07-31T20:16:49+00:00","dateModified":"2025-07-31T21:40:21+00:00","breadcrumb":{"@id":"https:\/\/mramazonica.gob.pe\/portal\/galeria\/#breadcrumb"},"inLanguage":"es","potentialAction":[{"@type":"ReadAction","target":["https:\/\/mramazonica.gob.pe\/portal\/galeria\/"]}]},{"@type":"BreadcrumbList","@id":"https:\/\/mramazonica.gob.pe\/portal\/galeria\/#breadcrumb","itemListElement":[{"@type":"ListItem","position":1,"name":"Portada","item":"https:\/\/mramazonica.gob.pe\/portal\/"},{"@type":"ListItem","position":2,"name":"Galer\u00eda"}]}]}},"_links":{"self":[{"href":"https:\/\/mramazonica.gob.pe\/portal\/wp-json\/wp\/v2\/pages\/4328"}],"collection":[{"href":"https:\/\/mramazonica.gob.pe\/portal\/wp-json\/wp\/v2\/pages"}],"about":[{"href":"https:\/\/mramazonica.gob.pe\/portal\/wp-json\/wp\/v2\/types\/page"}],"author":[{"embeddable":true,"href":"https:\/\/mramazonica.gob.pe\/portal\/wp-json\/wp\/v2\/users\/5"}],"replies":[{"embeddable":true,"href":"https:\/\/mramazonica.gob.pe\/portal\/wp-json\/wp\/v2\/comments?post=4328"}],"version-history":[{"count":9,"href":"https:\/\/mramazonica.gob.pe\/portal\/wp-json\/wp\/v2\/pages\/4328\/revisions"}],"predecessor-version":[{"id":4354,"href":"https:\/\/mramazonica.gob.pe\/portal\/wp-json\/wp\/v2\/pages\/4328\/revisions\/4354"}],"wp:attachment":[{"href":"https:\/\/mramazonica.gob.pe\/portal\/wp-json\/wp\/v2\/media?parent=4328"}],"wp:term":[{"taxonomy":"wf_page_folders","embeddable":true,"href":"https:\/\/mramazonica.gob.pe\/portal\/wp-json\/wp\/v2\/wf_page_folders?post=4328"}],"curies":[{"name":"wp","href":"https:\/\/api.w.org\/{rel}","templated":true}]}}