{"id":4521,"date":"2025-09-14T20:59:55","date_gmt":"2025-09-15T01:59:55","guid":{"rendered":"https:\/\/mramazonica.gob.pe\/portal\/?page_id=4521"},"modified":"2025-09-16T18:18:41","modified_gmt":"2025-09-16T23:18:41","slug":"proceso-historico","status":"publish","type":"page","link":"https:\/\/mramazonica.gob.pe\/portal\/proceso-historico\/","title":{"rendered":"Proceso Hist\u00f3rico"},"content":{"rendered":"\t\t<div data-elementor-type=\"wp-page\" data-elementor-id=\"4521\" class=\"elementor elementor-4521\" data-elementor-settings=\"[]\">\n\t\t\t\t\t\t<div class=\"elementor-inner\">\n\t\t\t\t\t\t\t<div class=\"elementor-section-wrap\">\n\t\t\t\t\t\t\t<section class=\"elementor-section elementor-top-section elementor-element elementor-element-c531d7d elementor-section-stretched elementor-section-boxed elementor-section-height-default elementor-section-height-default\" data-id=\"c531d7d\" data-element_type=\"section\" data-settings=\"{&quot;background_background&quot;:&quot;gradient&quot;,&quot;stretch_section&quot;:&quot;section-stretched&quot;,&quot;ekit_has_onepagescroll_dot&quot;:&quot;yes&quot;}\">\n\t\t\t\t\t\t\t<div class=\"elementor-background-overlay\"><\/div>\n\t\t\t\t\t\t\t<div class=\"elementor-container elementor-column-gap-default\">\n\t\t\t\t\t\t\t<div class=\"elementor-row\">\n\t\t\t\t\t<div class=\"elementor-column elementor-col-100 elementor-top-column elementor-element elementor-element-f0a1c34\" data-id=\"f0a1c34\" data-element_type=\"column\">\n\t\t\t<div class=\"elementor-column-wrap elementor-element-populated\">\n\t\t\t\t\t\t\t<div class=\"elementor-widget-wrap\">\n\t\t\t\t\t\t<div class=\"elementor-element elementor-element-c040e1e jet-breadcrumbs-align-mobile-center elementor-widget elementor-widget-jet-breadcrumbs\" data-id=\"c040e1e\" data-element_type=\"widget\" data-widget_type=\"jet-breadcrumbs.default\">\n\t\t\t\t<div class=\"elementor-widget-container\">\n\t\t\t<div class=\"elementor-jet-breadcrumbs jet-blocks\">\n\t\t<div class=\"jet-breadcrumbs\">\n\t\t<div class=\"jet-breadcrumbs__content\">\n\t\t<div class=\"jet-breadcrumbs__wrap\"><div class=\"jet-breadcrumbs__item\"><a href=\"https:\/\/mramazonica.gob.pe\/portal\/\" class=\"jet-breadcrumbs__item-link is-home\" rel=\"home\" title=\"Inicio\">Inicio<\/a><\/div>\n\t\t<\/div>\n\t\t<\/div>\n\t\t<\/div><\/div>\t\t<\/div>\n\t\t\t\t<\/div>\n\t\t\t\t\t\t<\/div>\n\t\t\t\t\t<\/div>\n\t\t<\/div>\n\t\t\t\t\t\t\t\t<\/div>\n\t\t\t\t\t<\/div>\n\t\t<\/section>\n\t\t\t\t<section class=\"elementor-section elementor-top-section elementor-element elementor-element-be5e1f2 elementor-section-boxed elementor-section-height-default elementor-section-height-default\" data-id=\"be5e1f2\" data-element_type=\"section\" data-settings=\"{&quot;background_background&quot;:&quot;classic&quot;,&quot;ekit_has_onepagescroll_dot&quot;:&quot;yes&quot;}\">\n\t\t\t\t\t\t\t<div class=\"elementor-background-overlay\"><\/div>\n\t\t\t\t\t\t\t<div class=\"elementor-container elementor-column-gap-default\">\n\t\t\t\t\t\t\t<div class=\"elementor-row\">\n\t\t\t\t\t<div class=\"elementor-column elementor-col-100 elementor-top-column elementor-element elementor-element-47f29af\" data-id=\"47f29af\" data-element_type=\"column\" data-settings=\"{&quot;animation_mobile&quot;:&quot;zoomInDown&quot;}\">\n\t\t\t<div class=\"elementor-column-wrap elementor-element-populated\">\n\t\t\t\t\t\t\t<div class=\"elementor-widget-wrap\">\n\t\t\t\t\t\t<div class=\"elementor-element elementor-element-b44d789 elementor-view-default elementor-widget elementor-widget-icon\" data-id=\"b44d789\" data-element_type=\"widget\" data-widget_type=\"icon.default\">\n\t\t\t\t<div class=\"elementor-widget-container\">\n\t\t\t\t\t<div class=\"elementor-icon-wrapper\">\n\t\t\t<div class=\"elementor-icon\">\n\t\t\t<i aria-hidden=\"true\" class=\"fas fa-book-open\"><\/i>\t\t\t<\/div>\n\t\t<\/div>\n\t\t\t\t<\/div>\n\t\t\t\t<\/div>\n\t\t\t\t<div class=\"elementor-element elementor-element-066a205 elementor-widget elementor-widget-jet-headline\" data-id=\"066a205\" data-element_type=\"widget\" data-widget_type=\"jet-headline.default\">\n\t\t\t\t<div class=\"elementor-widget-container\">\n\t\t\t<h1 class=\"jet-headline jet-headline--direction-vertical\"><span class=\"jet-headline__part jet-headline__first\"><span class=\"jet-headline__label\">HISTORIA DE FUNDACI\u00d3N<\/span><\/span><span class=\"jet-headline__part jet-headline__second\"><span class=\"jet-headline__label\">DE LA MRA<\/span><\/span><\/h1>\t\t<\/div>\n\t\t\t\t<\/div>\n\t\t\t\t<div class=\"elementor-element elementor-element-626c29b elementor-invisible elementor-widget elementor-widget-divider\" data-id=\"626c29b\" data-element_type=\"widget\" data-settings=\"{&quot;_animation&quot;:&quot;fadeIn&quot;}\" data-widget_type=\"divider.default\">\n\t\t\t\t<div class=\"elementor-widget-container\">\n\t\t\t\t\t<div class=\"elementor-divider\">\n\t\t\t<span class=\"elementor-divider-separator\">\n\t\t\t\t\t\t<\/span>\n\t\t<\/div>\n\t\t\t\t<\/div>\n\t\t\t\t<\/div>\n\t\t\t\t<div class=\"elementor-element elementor-element-64a8d20 elementor-widget elementor-widget-text-editor\" data-id=\"64a8d20\" data-element_type=\"widget\" data-widget_type=\"text-editor.default\">\n\t\t\t\t<div class=\"elementor-widget-container\">\n\t\t\t\t\t<div class=\"elementor-text-editor elementor-clearfix\"><p><strong>Consejo Interregional Amaz\u00f3nico (CIAM)<\/strong><\/p><p>Promoviendo la gobernanza en la Amazon\u00eda peruana<\/p><p>El Consejo Interregional Amaz\u00f3nico (CIAM) fue creado como una instancia encargada de coordinar y articular la agenda ambiental y de recursos naturales de los gobiernos regionales de Amazonas, Loreto, Madre de Dios, San Mart\u00edn y Ucayali, que en conjunto representan el 85% de la Amazon\u00eda peruana. Con muy pocos a\u00f1os de existencia, y actuando en condiciones muy retadoras, el CIAM ha conducido el proceso de formulaci\u00f3n de propuestas y promovido cambios institucionales, contribuyendo a poner a la Amazon\u00eda en la agenda nacional.<\/p><p>El antecedente del CIAM fue la constituci\u00f3n en setiembre del 2004 de la Junta de Coordinaci\u00f3n Interregional de la Regi\u00f3n Amaz\u00f3nica por los gobiernos regionales de Loreto y de San Mart\u00edn. Esta Junta fue reconocida por el Consejo Nacional de Descentralizaci\u00f3n (Resoluci\u00f3n Presidencial N\u00b0 076-CND-P-2004 de octubre del 2004). Posteriormente, en junio del 2007, se sumaron los gobiernos regionales de Amazonas, Ucayali y Madre de Dios, y en el 2014 se ha incorporado el gobierno regional de Hu\u00e1nuco. Es entonces que los cinco gobiernos decidieron adoptar la denominaci\u00f3n de \u00abConsejo Interregional Amaz\u00f3nico\u00bb, con la sigla CIAM.<\/p><p>El CIAM fue reconocido por la Secretar\u00eda de Descentralizaci\u00f3n de la Presidencia del Consejo de Ministros (Resoluci\u00f3n N\u00b0 010-2007-PCM\/SD de julio del 2007), con la aprobaci\u00f3n de su inscripci\u00f3n en el Registro Nacional de Juntas de Coordinaci\u00f3n Interregional. A partir de ese momento, adquiri\u00f3 el car\u00e1cter de organismo gubernamental, un espacio de coordinaci\u00f3n y concertaci\u00f3n para facilitar la gesti\u00f3n estrat\u00e9gica interregional. Se fij\u00f3 como su objetivo contribuir a la consolidaci\u00f3n del proceso de descentralizaci\u00f3n y a la formulaci\u00f3n conjunta de una agenda regional amaz\u00f3nica que permitiera una relaci\u00f3n positiva y beneficiosa de la Amazon\u00eda peruana, tanto con el resto del pa\u00eds como con los otros pa\u00edses miembros de la vasta cuenca amaz\u00f3nica.<\/p><p>Los primeros pasos del CIAM contaron con el apoyo del Instituto de Investigaciones de la Amazon\u00eda Peruana (IIAP) y el Programa Amazon\u00eda de la Cooperaci\u00f3n Alemana (implementada por la GIZ). Posteriormente, ha recibido soporte de instituciones de cooperaci\u00f3n internacional como la Iniciativa del Sector Forestal del Per\u00fa (PFSI, por sus siglas en ingl\u00e9s), del Servicio Forestal de los Estados Unidos a trav\u00e9s de USAID, as\u00ed como de la Fundaci\u00f3n Avina, WWF-Per\u00fa y ProAmbiente de la Cooperaci\u00f3n Alemana (implementada por la GIZ)<\/p><p>Presidentes de la Mancomunidad Regional Amaz\u00f3nico<\/p><p>Antonio Pulgar Lucas<\/p><p>Gobernador Regional de Hu\u00e1nuco<\/p><p>2023- 2024<\/p><p>Manuel Gambini<\/p><p>Gobernador Regional de Ucayali<\/p><p>2024 \u2013 2025<\/p><\/div>\n\t\t\t\t<\/div>\n\t\t\t\t<\/div>\n\t\t\t\t\t\t<\/div>\n\t\t\t\t\t<\/div>\n\t\t<\/div>\n\t\t\t\t\t\t\t\t<\/div>\n\t\t\t\t\t<\/div>\n\t\t<\/section>\n\t\t\t\t\t\t<\/div>\n\t\t\t\t\t\t<\/div>\n\t\t\t\t\t<\/div>\n\t\t","protected":false},"excerpt":{"rendered":"<p>En construcci\u00f3n HISTORIA DE FUNDACI\u00d3NDE LA MRA Consejo Interregional Amaz\u00f3nico (CIAM) Promoviendo la gobernanza en la Amazon\u00eda peruana El Consejo Interregional Amaz\u00f3nico (CIAM) fue creado como una instancia encargada de coordinar y articular la agenda ambiental y de recursos naturales de los gobiernos regionales de Amazonas, Loreto, Madre de Dios, San Mart\u00edn y Ucayali, que [&hellip;]<\/p>\n","protected":false},"author":5,"featured_media":0,"parent":0,"menu_order":0,"comment_status":"closed","ping_status":"closed","template":"elementor_header_footer","meta":[],"wf_page_folders":[],"yoast_head":"<!-- This site is optimized with the Yoast SEO plugin v16.8 - https:\/\/yoast.com\/wordpress\/plugins\/seo\/ -->\n<title>Proceso Hist\u00f3rico - MANCOMUNIDAD REGIONAL AMAZ\u00d3NICA<\/title>\n<meta name=\"robots\" content=\"index, follow, max-snippet:-1, max-image-preview:large, max-video-preview:-1\" \/>\n<link rel=\"canonical\" href=\"https:\/\/mramazonica.gob.pe\/portal\/proceso-historico\/\" \/>\n<meta property=\"og:locale\" content=\"es_ES\" \/>\n<meta property=\"og:type\" content=\"article\" \/>\n<meta property=\"og:title\" content=\"Proceso Hist\u00f3rico - MANCOMUNIDAD REGIONAL AMAZ\u00d3NICA\" \/>\n<meta property=\"og:description\" content=\"En construcci\u00f3n HISTORIA DE FUNDACI\u00d3NDE LA MRA Consejo Interregional Amaz\u00f3nico (CIAM) Promoviendo la gobernanza en la Amazon\u00eda peruana El Consejo Interregional Amaz\u00f3nico (CIAM) fue creado como una instancia encargada de coordinar y articular la agenda ambiental y de recursos naturales de los gobiernos regionales de Amazonas, Loreto, Madre de Dios, San Mart\u00edn y Ucayali, que [&hellip;]\" \/>\n<meta property=\"og:url\" content=\"https:\/\/mramazonica.gob.pe\/portal\/proceso-historico\/\" \/>\n<meta property=\"og:site_name\" content=\"MANCOMUNIDAD REGIONAL AMAZ\u00d3NICA\" \/>\n<meta property=\"article:modified_time\" content=\"2025-09-16T23:18:41+00:00\" \/>\n<meta name=\"twitter:card\" content=\"summary_large_image\" \/>\n<meta name=\"twitter:label1\" content=\"Tiempo de lectura\" \/>\n\t<meta name=\"twitter:data1\" content=\"2 minutos\" \/>\n<script type=\"application\/ld+json\" class=\"yoast-schema-graph\">{\"@context\":\"https:\/\/schema.org\",\"@graph\":[{\"@type\":\"WebSite\",\"@id\":\"https:\/\/mramazonica.gob.pe\/portal\/#website\",\"url\":\"https:\/\/mramazonica.gob.pe\/portal\/\",\"name\":\"MANCOMUNIDAD REGIONAL AMAZ\\u00d3NICA\",\"description\":\"Promover propuestas de desarrollo bajo en emisiones y producci\\u00f3n sostenible para el beneficio de la Amazonia Peruana.\",\"potentialAction\":[{\"@type\":\"SearchAction\",\"target\":{\"@type\":\"EntryPoint\",\"urlTemplate\":\"https:\/\/mramazonica.gob.pe\/portal\/?s={search_term_string}\"},\"query-input\":\"required name=search_term_string\"}],\"inLanguage\":\"es\"},{\"@type\":\"WebPage\",\"@id\":\"https:\/\/mramazonica.gob.pe\/portal\/proceso-historico\/#webpage\",\"url\":\"https:\/\/mramazonica.gob.pe\/portal\/proceso-historico\/\",\"name\":\"Proceso Hist\\u00f3rico - MANCOMUNIDAD REGIONAL AMAZ\\u00d3NICA\",\"isPartOf\":{\"@id\":\"https:\/\/mramazonica.gob.pe\/portal\/#website\"},\"datePublished\":\"2025-09-15T01:59:55+00:00\",\"dateModified\":\"2025-09-16T23:18:41+00:00\",\"breadcrumb\":{\"@id\":\"https:\/\/mramazonica.gob.pe\/portal\/proceso-historico\/#breadcrumb\"},\"inLanguage\":\"es\",\"potentialAction\":[{\"@type\":\"ReadAction\",\"target\":[\"https:\/\/mramazonica.gob.pe\/portal\/proceso-historico\/\"]}]},{\"@type\":\"BreadcrumbList\",\"@id\":\"https:\/\/mramazonica.gob.pe\/portal\/proceso-historico\/#breadcrumb\",\"itemListElement\":[{\"@type\":\"ListItem\",\"position\":1,\"name\":\"Portada\",\"item\":\"https:\/\/mramazonica.gob.pe\/portal\/\"},{\"@type\":\"ListItem\",\"position\":2,\"name\":\"Proceso Hist\\u00f3rico\"}]}]}<\/script>\n<!-- \/ Yoast SEO plugin. -->","yoast_head_json":{"title":"Proceso Hist\u00f3rico - MANCOMUNIDAD REGIONAL AMAZ\u00d3NICA","robots":{"index":"index","follow":"follow","max-snippet":"max-snippet:-1","max-image-preview":"max-image-preview:large","max-video-preview":"max-video-preview:-1"},"canonical":"https:\/\/mramazonica.gob.pe\/portal\/proceso-historico\/","og_locale":"es_ES","og_type":"article","og_title":"Proceso Hist\u00f3rico - MANCOMUNIDAD REGIONAL AMAZ\u00d3NICA","og_description":"En construcci\u00f3n HISTORIA DE FUNDACI\u00d3NDE LA MRA Consejo Interregional Amaz\u00f3nico (CIAM) Promoviendo la gobernanza en la Amazon\u00eda peruana El Consejo Interregional Amaz\u00f3nico (CIAM) fue creado como una instancia encargada de coordinar y articular la agenda ambiental y de recursos naturales de los gobiernos regionales de Amazonas, Loreto, Madre de Dios, San Mart\u00edn y Ucayali, que [&hellip;]","og_url":"https:\/\/mramazonica.gob.pe\/portal\/proceso-historico\/","og_site_name":"MANCOMUNIDAD REGIONAL AMAZ\u00d3NICA","article_modified_time":"2025-09-16T23:18:41+00:00","twitter_card":"summary_large_image","twitter_misc":{"Tiempo de lectura":"2 minutos"},"schema":{"@context":"https:\/\/schema.org","@graph":[{"@type":"WebSite","@id":"https:\/\/mramazonica.gob.pe\/portal\/#website","url":"https:\/\/mramazonica.gob.pe\/portal\/","name":"MANCOMUNIDAD REGIONAL AMAZ\u00d3NICA","description":"Promover propuestas de desarrollo bajo en emisiones y producci\u00f3n sostenible para el beneficio de la Amazonia Peruana.","potentialAction":[{"@type":"SearchAction","target":{"@type":"EntryPoint","urlTemplate":"https:\/\/mramazonica.gob.pe\/portal\/?s={search_term_string}"},"query-input":"required name=search_term_string"}],"inLanguage":"es"},{"@type":"WebPage","@id":"https:\/\/mramazonica.gob.pe\/portal\/proceso-historico\/#webpage","url":"https:\/\/mramazonica.gob.pe\/portal\/proceso-historico\/","name":"Proceso Hist\u00f3rico - MANCOMUNIDAD REGIONAL AMAZ\u00d3NICA","isPartOf":{"@id":"https:\/\/mramazonica.gob.pe\/portal\/#website"},"datePublished":"2025-09-15T01:59:55+00:00","dateModified":"2025-09-16T23:18:41+00:00","breadcrumb":{"@id":"https:\/\/mramazonica.gob.pe\/portal\/proceso-historico\/#breadcrumb"},"inLanguage":"es","potentialAction":[{"@type":"ReadAction","target":["https:\/\/mramazonica.gob.pe\/portal\/proceso-historico\/"]}]},{"@type":"BreadcrumbList","@id":"https:\/\/mramazonica.gob.pe\/portal\/proceso-historico\/#breadcrumb","itemListElement":[{"@type":"ListItem","position":1,"name":"Portada","item":"https:\/\/mramazonica.gob.pe\/portal\/"},{"@type":"ListItem","position":2,"name":"Proceso Hist\u00f3rico"}]}]}},"_links":{"self":[{"href":"https:\/\/mramazonica.gob.pe\/portal\/wp-json\/wp\/v2\/pages\/4521"}],"collection":[{"href":"https:\/\/mramazonica.gob.pe\/portal\/wp-json\/wp\/v2\/pages"}],"about":[{"href":"https:\/\/mramazonica.gob.pe\/portal\/wp-json\/wp\/v2\/types\/page"}],"author":[{"embeddable":true,"href":"https:\/\/mramazonica.gob.pe\/portal\/wp-json\/wp\/v2\/users\/5"}],"replies":[{"embeddable":true,"href":"https:\/\/mramazonica.gob.pe\/portal\/wp-json\/wp\/v2\/comments?post=4521"}],"version-history":[{"count":4,"href":"https:\/\/mramazonica.gob.pe\/portal\/wp-json\/wp\/v2\/pages\/4521\/revisions"}],"predecessor-version":[{"id":4612,"href":"https:\/\/mramazonica.gob.pe\/portal\/wp-json\/wp\/v2\/pages\/4521\/revisions\/4612"}],"wp:attachment":[{"href":"https:\/\/mramazonica.gob.pe\/portal\/wp-json\/wp\/v2\/media?parent=4521"}],"wp:term":[{"taxonomy":"wf_page_folders","embeddable":true,"href":"https:\/\/mramazonica.gob.pe\/portal\/wp-json\/wp\/v2\/wf_page_folders?post=4521"}],"curies":[{"name":"wp","href":"https:\/\/api.w.org\/{rel}","templated":true}]}}