{"id":4526,"date":"2025-09-14T21:05:35","date_gmt":"2025-09-15T02:05:35","guid":{"rendered":"https:\/\/mramazonica.gob.pe\/portal\/?page_id=4526"},"modified":"2025-09-16T18:13:08","modified_gmt":"2025-09-16T23:13:08","slug":"plan-operativo-institucional","status":"publish","type":"page","link":"https:\/\/mramazonica.gob.pe\/portal\/plan-operativo-institucional\/","title":{"rendered":"Plan Operativo Institucional"},"content":{"rendered":"\t\t<div data-elementor-type=\"wp-page\" data-elementor-id=\"4526\" class=\"elementor elementor-4526\" data-elementor-settings=\"[]\">\n\t\t\t\t\t\t<div class=\"elementor-inner\">\n\t\t\t\t\t\t\t<div class=\"elementor-section-wrap\">\n\t\t\t\t\t\t\t<section class=\"elementor-section elementor-top-section elementor-element elementor-element-e3881eb elementor-section-stretched elementor-section-boxed elementor-section-height-default elementor-section-height-default\" data-id=\"e3881eb\" data-element_type=\"section\" data-settings=\"{&quot;background_background&quot;:&quot;gradient&quot;,&quot;stretch_section&quot;:&quot;section-stretched&quot;,&quot;ekit_has_onepagescroll_dot&quot;:&quot;yes&quot;}\">\n\t\t\t\t\t\t\t<div class=\"elementor-background-overlay\"><\/div>\n\t\t\t\t\t\t\t<div class=\"elementor-container elementor-column-gap-default\">\n\t\t\t\t\t\t\t<div class=\"elementor-row\">\n\t\t\t\t\t<div class=\"elementor-column elementor-col-100 elementor-top-column elementor-element elementor-element-4876123\" data-id=\"4876123\" data-element_type=\"column\">\n\t\t\t<div class=\"elementor-column-wrap elementor-element-populated\">\n\t\t\t\t\t\t\t<div class=\"elementor-widget-wrap\">\n\t\t\t\t\t\t<div class=\"elementor-element elementor-element-5f4453e jet-breadcrumbs-align-mobile-center elementor-widget elementor-widget-jet-breadcrumbs\" data-id=\"5f4453e\" data-element_type=\"widget\" data-widget_type=\"jet-breadcrumbs.default\">\n\t\t\t\t<div class=\"elementor-widget-container\">\n\t\t\t<div class=\"elementor-jet-breadcrumbs jet-blocks\">\n\t\t<div class=\"jet-breadcrumbs\">\n\t\t<div class=\"jet-breadcrumbs__content\">\n\t\t<div class=\"jet-breadcrumbs__wrap\"><div class=\"jet-breadcrumbs__item\"><a href=\"https:\/\/mramazonica.gob.pe\/portal\/\" class=\"jet-breadcrumbs__item-link is-home\" rel=\"home\" title=\"Inicio\">Inicio<\/a><\/div>\n\t\t<\/div>\n\t\t<\/div>\n\t\t<\/div><\/div>\t\t<\/div>\n\t\t\t\t<\/div>\n\t\t\t\t\t\t<\/div>\n\t\t\t\t\t<\/div>\n\t\t<\/div>\n\t\t\t\t\t\t\t\t<\/div>\n\t\t\t\t\t<\/div>\n\t\t<\/section>\n\t\t\t\t<section class=\"elementor-section elementor-top-section elementor-element elementor-element-8682818 elementor-section-content-middle elementor-section-boxed elementor-section-height-default elementor-section-height-default\" data-id=\"8682818\" data-element_type=\"section\" data-settings=\"{&quot;ekit_has_onepagescroll_dot&quot;:&quot;yes&quot;}\">\n\t\t\t\t\t\t<div class=\"elementor-container elementor-column-gap-no\">\n\t\t\t\t\t\t\t<div class=\"elementor-row\">\n\t\t\t\t\t<div class=\"elementor-column elementor-col-100 elementor-top-column elementor-element elementor-element-7f0bbf5\" data-id=\"7f0bbf5\" data-element_type=\"column\">\n\t\t\t<div class=\"elementor-column-wrap elementor-element-populated\">\n\t\t\t\t\t\t\t<div class=\"elementor-widget-wrap\">\n\t\t\t\t\t\t<div class=\"elementor-element elementor-element-eed0322 elementor-widget elementor-widget-jet-headline\" data-id=\"eed0322\" data-element_type=\"widget\" data-widget_type=\"jet-headline.default\">\n\t\t\t\t<div class=\"elementor-widget-container\">\n\t\t\t<h1 class=\"jet-headline jet-headline--direction-vertical\"><span class=\"jet-headline__part jet-headline__first\"><span class=\"jet-headline__label\">PLAN OPERATIVO<\/span><\/span><span class=\"jet-headline__part jet-headline__second\"><span class=\"jet-headline__label\">INSTITUCIONAL 2025<\/span><\/span><\/h1>\t\t<\/div>\n\t\t\t\t<\/div>\n\t\t\t\t<div class=\"elementor-element elementor-element-8347c02 elementor-invisible elementor-widget elementor-widget-divider\" data-id=\"8347c02\" data-element_type=\"widget\" data-settings=\"{&quot;_animation&quot;:&quot;fadeIn&quot;}\" data-widget_type=\"divider.default\">\n\t\t\t\t<div class=\"elementor-widget-container\">\n\t\t\t\t\t<div class=\"elementor-divider\">\n\t\t\t<span class=\"elementor-divider-separator\">\n\t\t\t\t\t\t<\/span>\n\t\t<\/div>\n\t\t\t\t<\/div>\n\t\t\t\t<\/div>\n\t\t\t\t<div class=\"elementor-element elementor-element-d910b16 elementor-invisible elementor-widget elementor-widget-text-editor\" data-id=\"d910b16\" data-element_type=\"widget\" data-settings=\"{&quot;_animation&quot;:&quot;fadeInUp&quot;}\" data-widget_type=\"text-editor.default\">\n\t\t\t\t<div class=\"elementor-widget-container\">\n\t\t\t\t\t<div class=\"elementor-text-editor elementor-clearfix\"><p>El presente documento constituye el Plan Operativo Institucional 2025 de la \u201cMancomunidad Regional Amaz\u00f3nica\u201d integrada por los Gobiernos Regionales de Loreto, Ucayali, Hu\u00e1nuco, Amazonas, San Mart\u00edn y Madre de Dios.<\/p><p>La Mancomunidad Regional es una entidad con personer\u00eda jur\u00eddica de derecho p\u00fablico, su organizaci\u00f3n y funcionamiento se sujeta a lo dispuesto en la Ley de Mancomunidad Regional &#8211; Ley N\u00b0 29768, modificada por la Ley N\u00b0 30804, su Reglamento &#8211; aprobado mediante Decreto Supremo N\u00b0 022-2020-PCM, y su Estatuto.<\/p><p>El Plan Operativo Institucional 2025, describe la programaci\u00f3n de actividades operativas e inversiones necesarias asociadas a las acciones estrat\u00e9gicas institucionales formuladas en el Marco Estrat\u00e9gico Institucional de la \u201cMancomunidad Regional Amaz\u00f3nica\u201d, que contribuyan a la consolidaci\u00f3n de la gesti\u00f3n de esta. Estas acciones son consideradas aspectos de importancia para la prestaci\u00f3n de servicios p\u00fablicos en beneficio de la poblaci\u00f3n del alcance territorial de esta entidad.<\/p><\/div>\n\t\t\t\t<\/div>\n\t\t\t\t<\/div>\n\t\t\t\t<div class=\"elementor-element elementor-element-5bc7ee0 elementor-widget elementor-widget-jet-button\" data-id=\"5bc7ee0\" data-element_type=\"widget\" data-widget_type=\"jet-button.default\">\n\t\t\t\t<div class=\"elementor-widget-container\">\n\t\t\t<div class=\"elementor-jet-button jet-elements\"><div class=\"jet-button__container\">\n\t<a class=\"jet-button__instance jet-button__instance--icon-left hover-effect-4\" href=\"https:\/\/mramazonica.gob.pe\/portal\/wp-content\/uploads\/2025\/08\/POI-MRA-2025.pdf\" target=\"_blank\">\n\t\t<div class=\"jet-button__plane jet-button__plane-normal\"><\/div>\n\t\t<div class=\"jet-button__plane jet-button__plane-hover\"><\/div>\n\t\t<div class=\"jet-button__state jet-button__state-normal\">\n\t\t\t<span class=\"jet-button__label\">Ver M\u00e1s<\/span>\t\t<\/div>\n\t\t<div class=\"jet-button__state jet-button__state-hover\">\n\t\t\t<span class=\"jet-button__label\">Ver M\u00e1s<\/span>\t\t<\/div>\n\t<\/a>\n<\/div>\n<\/div>\t\t<\/div>\n\t\t\t\t<\/div>\n\t\t\t\t\t\t<\/div>\n\t\t\t\t\t<\/div>\n\t\t<\/div>\n\t\t\t\t\t\t\t\t<\/div>\n\t\t\t\t\t<\/div>\n\t\t<\/section>\n\t\t\t\t\t\t<\/div>\n\t\t\t\t\t\t<\/div>\n\t\t\t\t\t<\/div>\n\t\t","protected":false},"excerpt":{"rendered":"<p>En construcci\u00f3n PLAN OPERATIVOINSTITUCIONAL 2025 El presente documento constituye el Plan Operativo Institucional 2025 de la \u201cMancomunidad Regional Amaz\u00f3nica\u201d integrada por los Gobiernos Regionales de Loreto, Ucayali, Hu\u00e1nuco, Amazonas, San Mart\u00edn y Madre de Dios. La Mancomunidad Regional es una entidad con personer\u00eda jur\u00eddica de derecho p\u00fablico, su organizaci\u00f3n y funcionamiento se sujeta a lo [&hellip;]<\/p>\n","protected":false},"author":5,"featured_media":0,"parent":0,"menu_order":0,"comment_status":"closed","ping_status":"closed","template":"elementor_header_footer","meta":[],"wf_page_folders":[],"yoast_head":"<!-- This site is optimized with the Yoast SEO plugin v16.8 - https:\/\/yoast.com\/wordpress\/plugins\/seo\/ -->\n<title>Plan Operativo Institucional - MANCOMUNIDAD REGIONAL AMAZ\u00d3NICA<\/title>\n<meta name=\"robots\" content=\"index, follow, max-snippet:-1, max-image-preview:large, max-video-preview:-1\" \/>\n<link rel=\"canonical\" href=\"https:\/\/mramazonica.gob.pe\/portal\/plan-operativo-institucional\/\" \/>\n<meta property=\"og:locale\" content=\"es_ES\" \/>\n<meta property=\"og:type\" content=\"article\" \/>\n<meta property=\"og:title\" content=\"Plan Operativo Institucional - MANCOMUNIDAD REGIONAL AMAZ\u00d3NICA\" \/>\n<meta property=\"og:description\" content=\"En construcci\u00f3n PLAN OPERATIVOINSTITUCIONAL 2025 El presente documento constituye el Plan Operativo Institucional 2025 de la \u201cMancomunidad Regional Amaz\u00f3nica\u201d integrada por los Gobiernos Regionales de Loreto, Ucayali, Hu\u00e1nuco, Amazonas, San Mart\u00edn y Madre de Dios. La Mancomunidad Regional es una entidad con personer\u00eda jur\u00eddica de derecho p\u00fablico, su organizaci\u00f3n y funcionamiento se sujeta a lo [&hellip;]\" \/>\n<meta property=\"og:url\" content=\"https:\/\/mramazonica.gob.pe\/portal\/plan-operativo-institucional\/\" \/>\n<meta property=\"og:site_name\" content=\"MANCOMUNIDAD REGIONAL AMAZ\u00d3NICA\" \/>\n<meta property=\"article:modified_time\" content=\"2025-09-16T23:13:08+00:00\" \/>\n<meta name=\"twitter:card\" content=\"summary_large_image\" \/>\n<meta name=\"twitter:label1\" content=\"Tiempo de lectura\" \/>\n\t<meta name=\"twitter:data1\" content=\"1 minuto\" \/>\n<script type=\"application\/ld+json\" class=\"yoast-schema-graph\">{\"@context\":\"https:\/\/schema.org\",\"@graph\":[{\"@type\":\"WebSite\",\"@id\":\"https:\/\/mramazonica.gob.pe\/portal\/#website\",\"url\":\"https:\/\/mramazonica.gob.pe\/portal\/\",\"name\":\"MANCOMUNIDAD REGIONAL AMAZ\\u00d3NICA\",\"description\":\"Promover propuestas de desarrollo bajo en emisiones y producci\\u00f3n sostenible para el beneficio de la Amazonia Peruana.\",\"potentialAction\":[{\"@type\":\"SearchAction\",\"target\":{\"@type\":\"EntryPoint\",\"urlTemplate\":\"https:\/\/mramazonica.gob.pe\/portal\/?s={search_term_string}\"},\"query-input\":\"required name=search_term_string\"}],\"inLanguage\":\"es\"},{\"@type\":\"WebPage\",\"@id\":\"https:\/\/mramazonica.gob.pe\/portal\/plan-operativo-institucional\/#webpage\",\"url\":\"https:\/\/mramazonica.gob.pe\/portal\/plan-operativo-institucional\/\",\"name\":\"Plan Operativo Institucional - MANCOMUNIDAD REGIONAL AMAZ\\u00d3NICA\",\"isPartOf\":{\"@id\":\"https:\/\/mramazonica.gob.pe\/portal\/#website\"},\"datePublished\":\"2025-09-15T02:05:35+00:00\",\"dateModified\":\"2025-09-16T23:13:08+00:00\",\"breadcrumb\":{\"@id\":\"https:\/\/mramazonica.gob.pe\/portal\/plan-operativo-institucional\/#breadcrumb\"},\"inLanguage\":\"es\",\"potentialAction\":[{\"@type\":\"ReadAction\",\"target\":[\"https:\/\/mramazonica.gob.pe\/portal\/plan-operativo-institucional\/\"]}]},{\"@type\":\"BreadcrumbList\",\"@id\":\"https:\/\/mramazonica.gob.pe\/portal\/plan-operativo-institucional\/#breadcrumb\",\"itemListElement\":[{\"@type\":\"ListItem\",\"position\":1,\"name\":\"Portada\",\"item\":\"https:\/\/mramazonica.gob.pe\/portal\/\"},{\"@type\":\"ListItem\",\"position\":2,\"name\":\"Plan Operativo Institucional\"}]}]}<\/script>\n<!-- \/ Yoast SEO plugin. -->","yoast_head_json":{"title":"Plan Operativo Institucional - MANCOMUNIDAD REGIONAL AMAZ\u00d3NICA","robots":{"index":"index","follow":"follow","max-snippet":"max-snippet:-1","max-image-preview":"max-image-preview:large","max-video-preview":"max-video-preview:-1"},"canonical":"https:\/\/mramazonica.gob.pe\/portal\/plan-operativo-institucional\/","og_locale":"es_ES","og_type":"article","og_title":"Plan Operativo Institucional - MANCOMUNIDAD REGIONAL AMAZ\u00d3NICA","og_description":"En construcci\u00f3n PLAN OPERATIVOINSTITUCIONAL 2025 El presente documento constituye el Plan Operativo Institucional 2025 de la \u201cMancomunidad Regional Amaz\u00f3nica\u201d integrada por los Gobiernos Regionales de Loreto, Ucayali, Hu\u00e1nuco, Amazonas, San Mart\u00edn y Madre de Dios. La Mancomunidad Regional es una entidad con personer\u00eda jur\u00eddica de derecho p\u00fablico, su organizaci\u00f3n y funcionamiento se sujeta a lo [&hellip;]","og_url":"https:\/\/mramazonica.gob.pe\/portal\/plan-operativo-institucional\/","og_site_name":"MANCOMUNIDAD REGIONAL AMAZ\u00d3NICA","article_modified_time":"2025-09-16T23:13:08+00:00","twitter_card":"summary_large_image","twitter_misc":{"Tiempo de lectura":"1 minuto"},"schema":{"@context":"https:\/\/schema.org","@graph":[{"@type":"WebSite","@id":"https:\/\/mramazonica.gob.pe\/portal\/#website","url":"https:\/\/mramazonica.gob.pe\/portal\/","name":"MANCOMUNIDAD REGIONAL AMAZ\u00d3NICA","description":"Promover propuestas de desarrollo bajo en emisiones y producci\u00f3n sostenible para el beneficio de la Amazonia Peruana.","potentialAction":[{"@type":"SearchAction","target":{"@type":"EntryPoint","urlTemplate":"https:\/\/mramazonica.gob.pe\/portal\/?s={search_term_string}"},"query-input":"required name=search_term_string"}],"inLanguage":"es"},{"@type":"WebPage","@id":"https:\/\/mramazonica.gob.pe\/portal\/plan-operativo-institucional\/#webpage","url":"https:\/\/mramazonica.gob.pe\/portal\/plan-operativo-institucional\/","name":"Plan Operativo Institucional - MANCOMUNIDAD REGIONAL AMAZ\u00d3NICA","isPartOf":{"@id":"https:\/\/mramazonica.gob.pe\/portal\/#website"},"datePublished":"2025-09-15T02:05:35+00:00","dateModified":"2025-09-16T23:13:08+00:00","breadcrumb":{"@id":"https:\/\/mramazonica.gob.pe\/portal\/plan-operativo-institucional\/#breadcrumb"},"inLanguage":"es","potentialAction":[{"@type":"ReadAction","target":["https:\/\/mramazonica.gob.pe\/portal\/plan-operativo-institucional\/"]}]},{"@type":"BreadcrumbList","@id":"https:\/\/mramazonica.gob.pe\/portal\/plan-operativo-institucional\/#breadcrumb","itemListElement":[{"@type":"ListItem","position":1,"name":"Portada","item":"https:\/\/mramazonica.gob.pe\/portal\/"},{"@type":"ListItem","position":2,"name":"Plan Operativo Institucional"}]}]}},"_links":{"self":[{"href":"https:\/\/mramazonica.gob.pe\/portal\/wp-json\/wp\/v2\/pages\/4526"}],"collection":[{"href":"https:\/\/mramazonica.gob.pe\/portal\/wp-json\/wp\/v2\/pages"}],"about":[{"href":"https:\/\/mramazonica.gob.pe\/portal\/wp-json\/wp\/v2\/types\/page"}],"author":[{"embeddable":true,"href":"https:\/\/mramazonica.gob.pe\/portal\/wp-json\/wp\/v2\/users\/5"}],"replies":[{"embeddable":true,"href":"https:\/\/mramazonica.gob.pe\/portal\/wp-json\/wp\/v2\/comments?post=4526"}],"version-history":[{"count":8,"href":"https:\/\/mramazonica.gob.pe\/portal\/wp-json\/wp\/v2\/pages\/4526\/revisions"}],"predecessor-version":[{"id":4611,"href":"https:\/\/mramazonica.gob.pe\/portal\/wp-json\/wp\/v2\/pages\/4526\/revisions\/4611"}],"wp:attachment":[{"href":"https:\/\/mramazonica.gob.pe\/portal\/wp-json\/wp\/v2\/media?parent=4526"}],"wp:term":[{"taxonomy":"wf_page_folders","embeddable":true,"href":"https:\/\/mramazonica.gob.pe\/portal\/wp-json\/wp\/v2\/wf_page_folders?post=4526"}],"curies":[{"name":"wp","href":"https:\/\/api.w.org\/{rel}","templated":true}]}}