{"id":4533,"date":"2025-09-14T21:11:58","date_gmt":"2025-09-15T02:11:58","guid":{"rendered":"https:\/\/mramazonica.gob.pe\/portal\/?page_id=4533"},"modified":"2025-09-14T21:40:42","modified_gmt":"2025-09-15T02:40:42","slug":"grupos-de-trabajo","status":"publish","type":"page","link":"https:\/\/mramazonica.gob.pe\/portal\/grupos-de-trabajo\/","title":{"rendered":"Grupos de Trabajo"},"content":{"rendered":"\t\t<div data-elementor-type=\"wp-page\" data-elementor-id=\"4533\" class=\"elementor elementor-4533\" data-elementor-settings=\"[]\">\n\t\t\t\t\t\t<div class=\"elementor-inner\">\n\t\t\t\t\t\t\t<div class=\"elementor-section-wrap\">\n\t\t\t\t\t\t\t<section class=\"elementor-section elementor-top-section elementor-element elementor-element-b7df9d5 elementor-section-stretched elementor-section-boxed elementor-section-height-default elementor-section-height-default\" data-id=\"b7df9d5\" data-element_type=\"section\" data-settings=\"{&quot;background_background&quot;:&quot;gradient&quot;,&quot;stretch_section&quot;:&quot;section-stretched&quot;,&quot;ekit_has_onepagescroll_dot&quot;:&quot;yes&quot;}\">\n\t\t\t\t\t\t\t<div class=\"elementor-background-overlay\"><\/div>\n\t\t\t\t\t\t\t<div class=\"elementor-container elementor-column-gap-default\">\n\t\t\t\t\t\t\t<div class=\"elementor-row\">\n\t\t\t\t\t<div class=\"elementor-column elementor-col-100 elementor-top-column elementor-element elementor-element-dcc67a5\" data-id=\"dcc67a5\" data-element_type=\"column\">\n\t\t\t<div class=\"elementor-column-wrap elementor-element-populated\">\n\t\t\t\t\t\t\t<div class=\"elementor-widget-wrap\">\n\t\t\t\t\t\t<div class=\"elementor-element elementor-element-5ea7aa6 jet-breadcrumbs-align-mobile-center elementor-widget elementor-widget-jet-breadcrumbs\" data-id=\"5ea7aa6\" data-element_type=\"widget\" data-widget_type=\"jet-breadcrumbs.default\">\n\t\t\t\t<div class=\"elementor-widget-container\">\n\t\t\t<div class=\"elementor-jet-breadcrumbs jet-blocks\">\n\t\t<div class=\"jet-breadcrumbs\">\n\t\t<div class=\"jet-breadcrumbs__content\">\n\t\t<div class=\"jet-breadcrumbs__wrap\"><div class=\"jet-breadcrumbs__item\"><a href=\"https:\/\/mramazonica.gob.pe\/portal\/\" class=\"jet-breadcrumbs__item-link is-home\" rel=\"home\" title=\"Inicio\">Inicio<\/a><\/div>\n\t\t<\/div>\n\t\t<\/div>\n\t\t<\/div><\/div>\t\t<\/div>\n\t\t\t\t<\/div>\n\t\t\t\t\t\t<\/div>\n\t\t\t\t\t<\/div>\n\t\t<\/div>\n\t\t\t\t\t\t\t\t<\/div>\n\t\t\t\t\t<\/div>\n\t\t<\/section>\n\t\t\t\t<section class=\"elementor-section elementor-top-section elementor-element elementor-element-45141c3 elementor-section-content-middle elementor-section-boxed elementor-section-height-default elementor-section-height-default\" data-id=\"45141c3\" data-element_type=\"section\" data-settings=\"{&quot;ekit_has_onepagescroll_dot&quot;:&quot;yes&quot;}\">\n\t\t\t\t\t\t<div class=\"elementor-container elementor-column-gap-no\">\n\t\t\t\t\t\t\t<div class=\"elementor-row\">\n\t\t\t\t\t<div class=\"elementor-column elementor-col-50 elementor-top-column elementor-element elementor-element-80b292f\" data-id=\"80b292f\" data-element_type=\"column\">\n\t\t\t<div class=\"elementor-column-wrap elementor-element-populated\">\n\t\t\t\t\t\t\t<div class=\"elementor-widget-wrap\">\n\t\t\t\t\t\t<div class=\"elementor-element elementor-element-59b4973 elementor-invisible elementor-widget elementor-widget-image\" data-id=\"59b4973\" data-element_type=\"widget\" data-settings=\"{&quot;_animation&quot;:&quot;fadeInUp&quot;}\" data-widget_type=\"image.default\">\n\t\t\t\t<div class=\"elementor-widget-container\">\n\t\t\t\t\t<div class=\"elementor-image\">\n\t\t\t\t\t\t\t\t\t\t<img width=\"629\" height=\"598\" src=\"https:\/\/mramazonica.gob.pe\/portal\/wp-content\/uploads\/2025\/07\/PRESIDENTE-DE-LA-MANCOMUNIDAD-AMAZONICA.jpg\" class=\"attachment-full size-full\" alt=\"\" loading=\"lazy\" srcset=\"https:\/\/mramazonica.gob.pe\/portal\/wp-content\/uploads\/2025\/07\/PRESIDENTE-DE-LA-MANCOMUNIDAD-AMAZONICA.jpg 629w, https:\/\/mramazonica.gob.pe\/portal\/wp-content\/uploads\/2025\/07\/PRESIDENTE-DE-LA-MANCOMUNIDAD-AMAZONICA-300x285.jpg 300w, https:\/\/mramazonica.gob.pe\/portal\/wp-content\/uploads\/2025\/07\/PRESIDENTE-DE-LA-MANCOMUNIDAD-AMAZONICA-13x12.jpg 13w, https:\/\/mramazonica.gob.pe\/portal\/wp-content\/uploads\/2025\/07\/PRESIDENTE-DE-LA-MANCOMUNIDAD-AMAZONICA-600x570.jpg 600w\" sizes=\"(max-width: 629px) 100vw, 629px\" \/>\t\t\t\t\t\t\t\t\t\t\t<\/div>\n\t\t\t\t<\/div>\n\t\t\t\t<\/div>\n\t\t\t\t\t\t<\/div>\n\t\t\t\t\t<\/div>\n\t\t<\/div>\n\t\t\t\t<div class=\"elementor-column elementor-col-50 elementor-top-column elementor-element elementor-element-4152933\" data-id=\"4152933\" data-element_type=\"column\">\n\t\t\t<div class=\"elementor-column-wrap elementor-element-populated\">\n\t\t\t\t\t\t\t<div class=\"elementor-widget-wrap\">\n\t\t\t\t\t\t<div class=\"elementor-element elementor-element-d1c7419 elementor-widget elementor-widget-jet-headline\" data-id=\"d1c7419\" data-element_type=\"widget\" data-widget_type=\"jet-headline.default\">\n\t\t\t\t<div class=\"elementor-widget-container\">\n\t\t\t<h1 class=\"jet-headline jet-headline--direction-vertical\"><span class=\"jet-headline__part jet-headline__first\"><span class=\"jet-headline__label\">MANCOMUNIDAD REGIONAL AMAZ\u00d3NICA<\/span><\/span><span class=\"jet-headline__part jet-headline__second\"><span class=\"jet-headline__label\">GRUPOS DE TRABAJO<\/span><\/span><\/h1>\t\t<\/div>\n\t\t\t\t<\/div>\n\t\t\t\t<div class=\"elementor-element elementor-element-a6c2b66 elementor-invisible elementor-widget elementor-widget-divider\" data-id=\"a6c2b66\" data-element_type=\"widget\" data-settings=\"{&quot;_animation&quot;:&quot;fadeInUp&quot;}\" data-widget_type=\"divider.default\">\n\t\t\t\t<div class=\"elementor-widget-container\">\n\t\t\t\t\t<div class=\"elementor-divider\">\n\t\t\t<span class=\"elementor-divider-separator\">\n\t\t\t\t\t\t<\/span>\n\t\t<\/div>\n\t\t\t\t<\/div>\n\t\t\t\t<\/div>\n\t\t\t\t<div class=\"elementor-element elementor-element-28e8eab elementor-invisible elementor-widget elementor-widget-text-editor\" data-id=\"28e8eab\" data-element_type=\"widget\" data-settings=\"{&quot;_animation&quot;:&quot;fadeInUp&quot;}\" data-widget_type=\"text-editor.default\">\n\t\t\t\t<div class=\"elementor-widget-container\">\n\t\t\t\t\t<div class=\"elementor-text-editor elementor-clearfix\"><p><strong>Hacia un plan de desarrollo de la Amazonia: <\/strong><\/p><p><strong>Transversales: <\/strong><\/p><p><strong>Tecnolog\u00eda e innovaci\u00f3n &#8211; Interculturalidad &#8211; Empoderamientos de mujeres y j\u00f3venes<\/strong><\/p><p>1. Cadenas productivas competitivas y sostenibles<\/p><p>2. Turismo de Naturaleza<\/p><p>3. Conectividad Amaz\u00f3nica Sostenible<\/p><p>4. Pueblos Ind\u00edgenas y asignaci\u00f3n de derechos<\/p><p>5. Gobernanza y Fortalecimiento Institucional<\/p><p>6. Actividades Il\u00edcitas y Acceso a Justicia<\/p><p>7. Bionegocios &amp; Econom\u00eda Circular<\/p><p>8. Mujer y Amazon\u00eda<\/p><\/div>\n\t\t\t\t<\/div>\n\t\t\t\t<\/div>\n\t\t\t\t\t\t<\/div>\n\t\t\t\t\t<\/div>\n\t\t<\/div>\n\t\t\t\t\t\t\t\t<\/div>\n\t\t\t\t\t<\/div>\n\t\t<\/section>\n\t\t\t\t<section class=\"elementor-section elementor-top-section elementor-element elementor-element-512e2a0 elementor-section-boxed elementor-section-height-default elementor-section-height-default\" data-id=\"512e2a0\" data-element_type=\"section\" data-settings=\"{&quot;ekit_has_onepagescroll_dot&quot;:&quot;yes&quot;}\">\n\t\t\t\t\t\t<div class=\"elementor-container elementor-column-gap-default\">\n\t\t\t\t\t\t\t<div class=\"elementor-row\">\n\t\t\t\t\t<div class=\"elementor-column elementor-col-100 elementor-top-column elementor-element elementor-element-2fd565d\" data-id=\"2fd565d\" data-element_type=\"column\">\n\t\t\t<div class=\"elementor-column-wrap elementor-element-populated\">\n\t\t\t\t\t\t\t<div class=\"elementor-widget-wrap\">\n\t\t\t\t\t\t<div class=\"elementor-element elementor-element-6c06b10 elementor-widget elementor-widget-jet-button\" data-id=\"6c06b10\" data-element_type=\"widget\" data-widget_type=\"jet-button.default\">\n\t\t\t\t<div class=\"elementor-widget-container\">\n\t\t\t<div class=\"elementor-jet-button jet-elements\"><div class=\"jet-button__container\">\n\t<a class=\"jet-button__instance jet-button__instance--icon-left hover-effect-4\" href=\"https:\/\/mramazonica.gob.pe\/portal\/wp-content\/uploads\/2025\/07\/GRUPO-DE-TRABAJO-AGENDA-MRA.pdf\" target=\"_blank\">\n\t\t<div class=\"jet-button__plane jet-button__plane-normal\"><\/div>\n\t\t<div class=\"jet-button__plane jet-button__plane-hover\"><\/div>\n\t\t<div class=\"jet-button__state jet-button__state-normal\">\n\t\t\t<span class=\"jet-button__label\">Ver M\u00e1s<\/span>\t\t<\/div>\n\t\t<div class=\"jet-button__state jet-button__state-hover\">\n\t\t\t<span class=\"jet-button__label\">Ver M\u00e1s<\/span>\t\t<\/div>\n\t<\/a>\n<\/div>\n<\/div>\t\t<\/div>\n\t\t\t\t<\/div>\n\t\t\t\t\t\t<\/div>\n\t\t\t\t\t<\/div>\n\t\t<\/div>\n\t\t\t\t\t\t\t\t<\/div>\n\t\t\t\t\t<\/div>\n\t\t<\/section>\n\t\t\t\t\t\t<\/div>\n\t\t\t\t\t\t<\/div>\n\t\t\t\t\t<\/div>\n\t\t","protected":false},"excerpt":{"rendered":"<p>Inicio MANCOMUNIDAD REGIONAL AMAZ\u00d3NICAGRUPOS DE TRABAJO Hacia un plan de desarrollo de la Amazonia: Transversales: Tecnolog\u00eda e innovaci\u00f3n &#8211; Interculturalidad &#8211; Empoderamientos de mujeres y j\u00f3venes 1. Cadenas productivas competitivas y sostenibles 2. Turismo de Naturaleza 3. Conectividad Amaz\u00f3nica Sostenible 4. Pueblos Ind\u00edgenas y asignaci\u00f3n de derechos 5. Gobernanza y Fortalecimiento Institucional 6. Actividades Il\u00edcitas [&hellip;]<\/p>\n","protected":false},"author":5,"featured_media":0,"parent":0,"menu_order":0,"comment_status":"closed","ping_status":"closed","template":"elementor_header_footer","meta":[],"wf_page_folders":[],"yoast_head":"<!-- This site is optimized with the Yoast SEO plugin v16.8 - https:\/\/yoast.com\/wordpress\/plugins\/seo\/ -->\n<title>Grupos de Trabajo - MANCOMUNIDAD REGIONAL AMAZ\u00d3NICA<\/title>\n<meta name=\"robots\" content=\"index, follow, max-snippet:-1, max-image-preview:large, max-video-preview:-1\" \/>\n<link rel=\"canonical\" href=\"https:\/\/mramazonica.gob.pe\/portal\/grupos-de-trabajo\/\" \/>\n<meta property=\"og:locale\" content=\"es_ES\" \/>\n<meta property=\"og:type\" content=\"article\" \/>\n<meta property=\"og:title\" content=\"Grupos de Trabajo - MANCOMUNIDAD REGIONAL AMAZ\u00d3NICA\" \/>\n<meta property=\"og:description\" content=\"Inicio MANCOMUNIDAD REGIONAL AMAZ\u00d3NICAGRUPOS DE TRABAJO Hacia un plan de desarrollo de la Amazonia: Transversales: Tecnolog\u00eda e innovaci\u00f3n &#8211; Interculturalidad &#8211; Empoderamientos de mujeres y j\u00f3venes 1. Cadenas productivas competitivas y sostenibles 2. Turismo de Naturaleza 3. Conectividad Amaz\u00f3nica Sostenible 4. Pueblos Ind\u00edgenas y asignaci\u00f3n de derechos 5. Gobernanza y Fortalecimiento Institucional 6. Actividades Il\u00edcitas [&hellip;]\" \/>\n<meta property=\"og:url\" content=\"https:\/\/mramazonica.gob.pe\/portal\/grupos-de-trabajo\/\" \/>\n<meta property=\"og:site_name\" content=\"MANCOMUNIDAD REGIONAL AMAZ\u00d3NICA\" \/>\n<meta property=\"article:modified_time\" content=\"2025-09-15T02:40:42+00:00\" \/>\n<meta property=\"og:image\" content=\"https:\/\/mramazonica.gob.pe\/portal\/wp-content\/uploads\/2025\/07\/PRESIDENTE-DE-LA-MANCOMUNIDAD-AMAZONICA.jpg\" \/>\n<meta name=\"twitter:card\" content=\"summary_large_image\" \/>\n<meta name=\"twitter:label1\" content=\"Tiempo de lectura\" \/>\n\t<meta name=\"twitter:data1\" content=\"1 minuto\" \/>\n<script type=\"application\/ld+json\" class=\"yoast-schema-graph\">{\"@context\":\"https:\/\/schema.org\",\"@graph\":[{\"@type\":\"WebSite\",\"@id\":\"https:\/\/mramazonica.gob.pe\/portal\/#website\",\"url\":\"https:\/\/mramazonica.gob.pe\/portal\/\",\"name\":\"MANCOMUNIDAD REGIONAL AMAZ\\u00d3NICA\",\"description\":\"Promover propuestas de desarrollo bajo en emisiones y producci\\u00f3n sostenible para el beneficio de la Amazonia Peruana.\",\"potentialAction\":[{\"@type\":\"SearchAction\",\"target\":{\"@type\":\"EntryPoint\",\"urlTemplate\":\"https:\/\/mramazonica.gob.pe\/portal\/?s={search_term_string}\"},\"query-input\":\"required name=search_term_string\"}],\"inLanguage\":\"es\"},{\"@type\":\"ImageObject\",\"@id\":\"https:\/\/mramazonica.gob.pe\/portal\/grupos-de-trabajo\/#primaryimage\",\"inLanguage\":\"es\",\"url\":\"https:\/\/mramazonica.gob.pe\/portal\/wp-content\/uploads\/2025\/07\/PRESIDENTE-DE-LA-MANCOMUNIDAD-AMAZONICA.jpg\",\"contentUrl\":\"https:\/\/mramazonica.gob.pe\/portal\/wp-content\/uploads\/2025\/07\/PRESIDENTE-DE-LA-MANCOMUNIDAD-AMAZONICA.jpg\",\"width\":629,\"height\":598},{\"@type\":\"WebPage\",\"@id\":\"https:\/\/mramazonica.gob.pe\/portal\/grupos-de-trabajo\/#webpage\",\"url\":\"https:\/\/mramazonica.gob.pe\/portal\/grupos-de-trabajo\/\",\"name\":\"Grupos de Trabajo - MANCOMUNIDAD REGIONAL AMAZ\\u00d3NICA\",\"isPartOf\":{\"@id\":\"https:\/\/mramazonica.gob.pe\/portal\/#website\"},\"primaryImageOfPage\":{\"@id\":\"https:\/\/mramazonica.gob.pe\/portal\/grupos-de-trabajo\/#primaryimage\"},\"datePublished\":\"2025-09-15T02:11:58+00:00\",\"dateModified\":\"2025-09-15T02:40:42+00:00\",\"breadcrumb\":{\"@id\":\"https:\/\/mramazonica.gob.pe\/portal\/grupos-de-trabajo\/#breadcrumb\"},\"inLanguage\":\"es\",\"potentialAction\":[{\"@type\":\"ReadAction\",\"target\":[\"https:\/\/mramazonica.gob.pe\/portal\/grupos-de-trabajo\/\"]}]},{\"@type\":\"BreadcrumbList\",\"@id\":\"https:\/\/mramazonica.gob.pe\/portal\/grupos-de-trabajo\/#breadcrumb\",\"itemListElement\":[{\"@type\":\"ListItem\",\"position\":1,\"name\":\"Portada\",\"item\":\"https:\/\/mramazonica.gob.pe\/portal\/\"},{\"@type\":\"ListItem\",\"position\":2,\"name\":\"Grupos de Trabajo\"}]}]}<\/script>\n<!-- \/ Yoast SEO plugin. -->","yoast_head_json":{"title":"Grupos de Trabajo - MANCOMUNIDAD REGIONAL AMAZ\u00d3NICA","robots":{"index":"index","follow":"follow","max-snippet":"max-snippet:-1","max-image-preview":"max-image-preview:large","max-video-preview":"max-video-preview:-1"},"canonical":"https:\/\/mramazonica.gob.pe\/portal\/grupos-de-trabajo\/","og_locale":"es_ES","og_type":"article","og_title":"Grupos de Trabajo - MANCOMUNIDAD REGIONAL AMAZ\u00d3NICA","og_description":"Inicio MANCOMUNIDAD REGIONAL AMAZ\u00d3NICAGRUPOS DE TRABAJO Hacia un plan de desarrollo de la Amazonia: Transversales: Tecnolog\u00eda e innovaci\u00f3n &#8211; Interculturalidad &#8211; Empoderamientos de mujeres y j\u00f3venes 1. Cadenas productivas competitivas y sostenibles 2. Turismo de Naturaleza 3. Conectividad Amaz\u00f3nica Sostenible 4. Pueblos Ind\u00edgenas y asignaci\u00f3n de derechos 5. Gobernanza y Fortalecimiento Institucional 6. Actividades Il\u00edcitas [&hellip;]","og_url":"https:\/\/mramazonica.gob.pe\/portal\/grupos-de-trabajo\/","og_site_name":"MANCOMUNIDAD REGIONAL AMAZ\u00d3NICA","article_modified_time":"2025-09-15T02:40:42+00:00","og_image":[{"url":"https:\/\/mramazonica.gob.pe\/portal\/wp-content\/uploads\/2025\/07\/PRESIDENTE-DE-LA-MANCOMUNIDAD-AMAZONICA.jpg"}],"twitter_card":"summary_large_image","twitter_misc":{"Tiempo de lectura":"1 minuto"},"schema":{"@context":"https:\/\/schema.org","@graph":[{"@type":"WebSite","@id":"https:\/\/mramazonica.gob.pe\/portal\/#website","url":"https:\/\/mramazonica.gob.pe\/portal\/","name":"MANCOMUNIDAD REGIONAL AMAZ\u00d3NICA","description":"Promover propuestas de desarrollo bajo en emisiones y producci\u00f3n sostenible para el beneficio de la Amazonia Peruana.","potentialAction":[{"@type":"SearchAction","target":{"@type":"EntryPoint","urlTemplate":"https:\/\/mramazonica.gob.pe\/portal\/?s={search_term_string}"},"query-input":"required name=search_term_string"}],"inLanguage":"es"},{"@type":"ImageObject","@id":"https:\/\/mramazonica.gob.pe\/portal\/grupos-de-trabajo\/#primaryimage","inLanguage":"es","url":"https:\/\/mramazonica.gob.pe\/portal\/wp-content\/uploads\/2025\/07\/PRESIDENTE-DE-LA-MANCOMUNIDAD-AMAZONICA.jpg","contentUrl":"https:\/\/mramazonica.gob.pe\/portal\/wp-content\/uploads\/2025\/07\/PRESIDENTE-DE-LA-MANCOMUNIDAD-AMAZONICA.jpg","width":629,"height":598},{"@type":"WebPage","@id":"https:\/\/mramazonica.gob.pe\/portal\/grupos-de-trabajo\/#webpage","url":"https:\/\/mramazonica.gob.pe\/portal\/grupos-de-trabajo\/","name":"Grupos de Trabajo - MANCOMUNIDAD REGIONAL AMAZ\u00d3NICA","isPartOf":{"@id":"https:\/\/mramazonica.gob.pe\/portal\/#website"},"primaryImageOfPage":{"@id":"https:\/\/mramazonica.gob.pe\/portal\/grupos-de-trabajo\/#primaryimage"},"datePublished":"2025-09-15T02:11:58+00:00","dateModified":"2025-09-15T02:40:42+00:00","breadcrumb":{"@id":"https:\/\/mramazonica.gob.pe\/portal\/grupos-de-trabajo\/#breadcrumb"},"inLanguage":"es","potentialAction":[{"@type":"ReadAction","target":["https:\/\/mramazonica.gob.pe\/portal\/grupos-de-trabajo\/"]}]},{"@type":"BreadcrumbList","@id":"https:\/\/mramazonica.gob.pe\/portal\/grupos-de-trabajo\/#breadcrumb","itemListElement":[{"@type":"ListItem","position":1,"name":"Portada","item":"https:\/\/mramazonica.gob.pe\/portal\/"},{"@type":"ListItem","position":2,"name":"Grupos de Trabajo"}]}]}},"_links":{"self":[{"href":"https:\/\/mramazonica.gob.pe\/portal\/wp-json\/wp\/v2\/pages\/4533"}],"collection":[{"href":"https:\/\/mramazonica.gob.pe\/portal\/wp-json\/wp\/v2\/pages"}],"about":[{"href":"https:\/\/mramazonica.gob.pe\/portal\/wp-json\/wp\/v2\/types\/page"}],"author":[{"embeddable":true,"href":"https:\/\/mramazonica.gob.pe\/portal\/wp-json\/wp\/v2\/users\/5"}],"replies":[{"embeddable":true,"href":"https:\/\/mramazonica.gob.pe\/portal\/wp-json\/wp\/v2\/comments?post=4533"}],"version-history":[{"count":7,"href":"https:\/\/mramazonica.gob.pe\/portal\/wp-json\/wp\/v2\/pages\/4533\/revisions"}],"predecessor-version":[{"id":4555,"href":"https:\/\/mramazonica.gob.pe\/portal\/wp-json\/wp\/v2\/pages\/4533\/revisions\/4555"}],"wp:attachment":[{"href":"https:\/\/mramazonica.gob.pe\/portal\/wp-json\/wp\/v2\/media?parent=4533"}],"wp:term":[{"taxonomy":"wf_page_folders","embeddable":true,"href":"https:\/\/mramazonica.gob.pe\/portal\/wp-json\/wp\/v2\/wf_page_folders?post=4533"}],"curies":[{"name":"wp","href":"https:\/\/api.w.org\/{rel}","templated":true}]}}