{"id":4845,"date":"2026-03-27T08:28:45","date_gmt":"2026-03-27T13:28:45","guid":{"rendered":"https:\/\/mramazonica.gob.pe\/portal\/?page_id=4845"},"modified":"2026-03-27T08:31:29","modified_gmt":"2026-03-27T13:31:29","slug":"%f0%9d%97%a0%f0%9d%97%ae%f0%9d%97%bb%f0%9d%97%b0%f0%9d%97%bc%f0%9d%97%ba%f0%9d%98%82%f0%9d%97%bb%f0%9d%97%b6%f0%9d%97%b1%f0%9d%97%ae%f0%9d%97%b1-%f0%9d%97%a5%f0%9d%97%b2%f0%9d%97%b4%f0%9d%97%b6","status":"publish","type":"page","link":"https:\/\/mramazonica.gob.pe\/portal\/%f0%9d%97%a0%f0%9d%97%ae%f0%9d%97%bb%f0%9d%97%b0%f0%9d%97%bc%f0%9d%97%ba%f0%9d%98%82%f0%9d%97%bb%f0%9d%97%b6%f0%9d%97%b1%f0%9d%97%ae%f0%9d%97%b1-%f0%9d%97%a5%f0%9d%97%b2%f0%9d%97%b4%f0%9d%97%b6\/","title":{"rendered":"\ud835\udde0\ud835\uddee\ud835\uddfb\ud835\uddf0\ud835\uddfc\ud835\uddfa\ud835\ude02\ud835\uddfb\ud835\uddf6\ud835\uddf1\ud835\uddee\ud835\uddf1 \ud835\udde5\ud835\uddf2\ud835\uddf4\ud835\uddf6\ud835\uddfc\ud835\uddfb\ud835\uddee\ud835\uddf9 \ud835\uddd4\ud835\uddfa\ud835\uddee\ud835\ude07\ud835\uddfc\u0301\ud835\uddfb\ud835\uddf6\ud835\uddf0\ud835\uddee \ud835\ude00\ud835\uddf2 \ud835\ude00\ud835\ude02\ud835\uddfa\ud835\uddee \ud835\uddee \ud835\uddf4\ud835\uddff\ud835\ude02\ud835\uddfd\ud835\uddfc \ud835\ude01\ud835\uddf2\u0301\ud835\uddf0\ud835\uddfb\ud835\uddf6\ud835\uddf0\ud835\uddfc \ud835\uddfd\ud835\uddee\ud835\uddff\ud835\uddee \ud835\uddf1\ud835\uddf6\ud835\ude00\ud835\uddf2\ud835\uddfb\u0303\ud835\uddee\ud835\uddff \ud835\uddf9\ud835\uddee \ud835\uddd8\ud835\ude00\ud835\ude01\ud835\uddff\ud835\uddee\ud835\ude01\ud835\uddf2\ud835\uddf4\ud835\uddf6\ud835\uddee \ud835\uddf1\ud835\uddf2 \ud835\uddd5\ud835\uddf6\ud835\uddfc\ud835\uddf2\ud835\uddf0\ud835\uddfc\ud835\uddfb\ud835\uddfc\ud835\uddfa\ud835\uddf6\ud835\uddee \ud835\uddf1\ud835\uddf2\ud835\uddf9 \ud835\udde3\ud835\uddf2\ud835\uddff\ud835\ude02\u0301"},"content":{"rendered":"\n<p>La Mancomunidad Regional Amaz\u00f3nica se suma al Comit\u00e9 T\u00e9cnico P\u00fablico Privado (CTPP) del Objetivo Prioritario 9 \u2013 Sostenibilidad Ambiental, para el dise\u00f1o de la Estrategia de Bioeconom\u00eda del Per\u00fa, un espacio clave liderado por el Ministerio del Ambiente que articula esfuerzos entre el sector p\u00fablico, privado, la academia y la cooperaci\u00f3n internacional.<\/p>\n\n\n\n<p>Esta incorporaci\u00f3n refuerza el rol de la Mancomunidad como plataforma de coordinaci\u00f3n entre gobiernos regionales amaz\u00f3nicos, promoviendo una agenda com\u00fan orientada a posicionar el enorme valor de la biodiversidad de la Amazon\u00eda peruana como motor de desarrollo sostenible y competitividad territorial.<\/p>\n\n\n\n<p>El CTPP tiene como objetivo recoger aportes t\u00e9cnicos, consolidar consensos y contribuir al dise\u00f1o de una Estrategia de Bioeconom\u00eda que impulse el uso sostenible de los recursos biol\u00f3gicos, la innovaci\u00f3n productiva y la diversificaci\u00f3n econ\u00f3mica del pa\u00eds.En este marco, la Mancomunidad reafirma su compromiso de impulsar una bioeconom\u00eda amaz\u00f3nica que conecte conservaci\u00f3n, producci\u00f3n sostenible e inclusi\u00f3n, posicionando a la Amazon\u00eda como un eje estrat\u00e9gico para el desarrollo del Per\u00fa.<\/p>\n\n\n\n<figure class=\"wp-block-image size-large\"><img loading=\"lazy\" width=\"1024\" height=\"768\" src=\"https:\/\/mramazonica.gob.pe\/portal\/wp-content\/uploads\/2026\/03\/WhatsApp-Image-2026-03-27-at-7.58.25-AM-1-1024x768.jpeg\" alt=\"\" class=\"wp-image-4847\" srcset=\"https:\/\/mramazonica.gob.pe\/portal\/wp-content\/uploads\/2026\/03\/WhatsApp-Image-2026-03-27-at-7.58.25-AM-1-1024x768.jpeg 1024w, https:\/\/mramazonica.gob.pe\/portal\/wp-content\/uploads\/2026\/03\/WhatsApp-Image-2026-03-27-at-7.58.25-AM-1-300x225.jpeg 300w, https:\/\/mramazonica.gob.pe\/portal\/wp-content\/uploads\/2026\/03\/WhatsApp-Image-2026-03-27-at-7.58.25-AM-1-768x576.jpeg 768w, https:\/\/mramazonica.gob.pe\/portal\/wp-content\/uploads\/2026\/03\/WhatsApp-Image-2026-03-27-at-7.58.25-AM-1-1536x1152.jpeg 1536w, https:\/\/mramazonica.gob.pe\/portal\/wp-content\/uploads\/2026\/03\/WhatsApp-Image-2026-03-27-at-7.58.25-AM-1-16x12.jpeg 16w, https:\/\/mramazonica.gob.pe\/portal\/wp-content\/uploads\/2026\/03\/WhatsApp-Image-2026-03-27-at-7.58.25-AM-1-600x450.jpeg 600w, https:\/\/mramazonica.gob.pe\/portal\/wp-content\/uploads\/2026\/03\/WhatsApp-Image-2026-03-27-at-7.58.25-AM-1.jpeg 1600w\" sizes=\"(max-width: 1024px) 100vw, 1024px\" \/><\/figure>\n","protected":false},"excerpt":{"rendered":"<p>La Mancomunidad Regional Amaz\u00f3nica se suma al Comit\u00e9 T\u00e9cnico P\u00fablico Privado (CTPP) del Objetivo Prioritario 9 \u2013 Sostenibilidad Ambiental, para el dise\u00f1o de la Estrategia de Bioeconom\u00eda del Per\u00fa, un espacio clave liderado por el Ministerio del Ambiente que articula esfuerzos entre el sector p\u00fablico, privado, la academia y la cooperaci\u00f3n internacional. Esta incorporaci\u00f3n refuerza [&hellip;]<\/p>\n","protected":false},"author":5,"featured_media":4846,"parent":0,"menu_order":0,"comment_status":"closed","ping_status":"closed","template":"","meta":[],"wf_page_folders":[],"yoast_head":"<!-- This site is optimized with the Yoast SEO plugin v16.8 - https:\/\/yoast.com\/wordpress\/plugins\/seo\/ -->\n<title>\ud835\udde0\ud835\uddee\ud835\uddfb\ud835\uddf0\ud835\uddfc\ud835\uddfa\ud835\ude02\ud835\uddfb\ud835\uddf6\ud835\uddf1\ud835\uddee\ud835\uddf1 \ud835\udde5\ud835\uddf2\ud835\uddf4\ud835\uddf6\ud835\uddfc\ud835\uddfb\ud835\uddee\ud835\uddf9 \ud835\uddd4\ud835\uddfa\ud835\uddee\ud835\ude07\ud835\uddfc\u0301\ud835\uddfb\ud835\uddf6\ud835\uddf0\ud835\uddee \ud835\ude00\ud835\uddf2 \ud835\ude00\ud835\ude02\ud835\uddfa\ud835\uddee \ud835\uddee \ud835\uddf4\ud835\uddff\ud835\ude02\ud835\uddfd\ud835\uddfc \ud835\ude01\ud835\uddf2\u0301\ud835\uddf0\ud835\uddfb\ud835\uddf6\ud835\uddf0\ud835\uddfc \ud835\uddfd\ud835\uddee\ud835\uddff\ud835\uddee \ud835\uddf1\ud835\uddf6\ud835\ude00\ud835\uddf2\ud835\uddfb\u0303\ud835\uddee\ud835\uddff \ud835\uddf9\ud835\uddee \ud835\uddd8\ud835\ude00\ud835\ude01\ud835\uddff\ud835\uddee\ud835\ude01\ud835\uddf2\ud835\uddf4\ud835\uddf6\ud835\uddee \ud835\uddf1\ud835\uddf2 \ud835\uddd5\ud835\uddf6\ud835\uddfc\ud835\uddf2\ud835\uddf0\ud835\uddfc\ud835\uddfb\ud835\uddfc\ud835\uddfa\ud835\uddf6\ud835\uddee \ud835\uddf1\ud835\uddf2\ud835\uddf9 \ud835\udde3\ud835\uddf2\ud835\uddff\ud835\ude02\u0301 - MANCOMUNIDAD REGIONAL AMAZ\u00d3NICA<\/title>\n<meta name=\"robots\" content=\"index, follow, max-snippet:-1, max-image-preview:large, max-video-preview:-1\" \/>\n<link rel=\"canonical\" href=\"https:\/\/mramazonica.gob.pe\/portal\/\ud835\udde0\ud835\uddee\ud835\uddfb\ud835\uddf0\ud835\uddfc\ud835\uddfa\ud835\ude02\ud835\uddfb\ud835\uddf6\ud835\uddf1\ud835\uddee\ud835\uddf1-\ud835\udde5\ud835\uddf2\ud835\uddf4\ud835\uddf6\/\" \/>\n<meta property=\"og:locale\" content=\"es_ES\" \/>\n<meta property=\"og:type\" content=\"article\" \/>\n<meta property=\"og:title\" content=\"\ud835\udde0\ud835\uddee\ud835\uddfb\ud835\uddf0\ud835\uddfc\ud835\uddfa\ud835\ude02\ud835\uddfb\ud835\uddf6\ud835\uddf1\ud835\uddee\ud835\uddf1 \ud835\udde5\ud835\uddf2\ud835\uddf4\ud835\uddf6\ud835\uddfc\ud835\uddfb\ud835\uddee\ud835\uddf9 \ud835\uddd4\ud835\uddfa\ud835\uddee\ud835\ude07\ud835\uddfc\u0301\ud835\uddfb\ud835\uddf6\ud835\uddf0\ud835\uddee \ud835\ude00\ud835\uddf2 \ud835\ude00\ud835\ude02\ud835\uddfa\ud835\uddee \ud835\uddee \ud835\uddf4\ud835\uddff\ud835\ude02\ud835\uddfd\ud835\uddfc \ud835\ude01\ud835\uddf2\u0301\ud835\uddf0\ud835\uddfb\ud835\uddf6\ud835\uddf0\ud835\uddfc \ud835\uddfd\ud835\uddee\ud835\uddff\ud835\uddee \ud835\uddf1\ud835\uddf6\ud835\ude00\ud835\uddf2\ud835\uddfb\u0303\ud835\uddee\ud835\uddff \ud835\uddf9\ud835\uddee \ud835\uddd8\ud835\ude00\ud835\ude01\ud835\uddff\ud835\uddee\ud835\ude01\ud835\uddf2\ud835\uddf4\ud835\uddf6\ud835\uddee \ud835\uddf1\ud835\uddf2 \ud835\uddd5\ud835\uddf6\ud835\uddfc\ud835\uddf2\ud835\uddf0\ud835\uddfc\ud835\uddfb\ud835\uddfc\ud835\uddfa\ud835\uddf6\ud835\uddee \ud835\uddf1\ud835\uddf2\ud835\uddf9 \ud835\udde3\ud835\uddf2\ud835\uddff\ud835\ude02\u0301 - MANCOMUNIDAD REGIONAL AMAZ\u00d3NICA\" \/>\n<meta property=\"og:description\" content=\"La Mancomunidad Regional Amaz\u00f3nica se suma al Comit\u00e9 T\u00e9cnico P\u00fablico Privado (CTPP) del Objetivo Prioritario 9 \u2013 Sostenibilidad Ambiental, para el dise\u00f1o de la Estrategia de Bioeconom\u00eda del Per\u00fa, un espacio clave liderado por el Ministerio del Ambiente que articula esfuerzos entre el sector p\u00fablico, privado, la academia y la cooperaci\u00f3n internacional. Esta incorporaci\u00f3n refuerza [&hellip;]\" \/>\n<meta property=\"og:url\" content=\"https:\/\/mramazonica.gob.pe\/portal\/\ud835\udde0\ud835\uddee\ud835\uddfb\ud835\uddf0\ud835\uddfc\ud835\uddfa\ud835\ude02\ud835\uddfb\ud835\uddf6\ud835\uddf1\ud835\uddee\ud835\uddf1-\ud835\udde5\ud835\uddf2\ud835\uddf4\ud835\uddf6\/\" \/>\n<meta property=\"og:site_name\" content=\"MANCOMUNIDAD REGIONAL AMAZ\u00d3NICA\" \/>\n<meta property=\"article:modified_time\" content=\"2026-03-27T13:31:29+00:00\" \/>\n<meta property=\"og:image\" content=\"https:\/\/mramazonica.gob.pe\/portal\/wp-content\/uploads\/2026\/03\/WhatsApp-Image-2026-03-27-at-7.58.25-AM-2.jpeg\" \/>\n\t<meta property=\"og:image:width\" content=\"1600\" \/>\n\t<meta property=\"og:image:height\" content=\"1200\" \/>\n<meta name=\"twitter:card\" content=\"summary_large_image\" \/>\n<meta name=\"twitter:label1\" content=\"Tiempo de lectura\" \/>\n\t<meta name=\"twitter:data1\" content=\"1 minuto\" \/>\n<script type=\"application\/ld+json\" class=\"yoast-schema-graph\">{\"@context\":\"https:\/\/schema.org\",\"@graph\":[{\"@type\":\"WebSite\",\"@id\":\"https:\/\/mramazonica.gob.pe\/portal\/#website\",\"url\":\"https:\/\/mramazonica.gob.pe\/portal\/\",\"name\":\"MANCOMUNIDAD REGIONAL AMAZ\\u00d3NICA\",\"description\":\"Promover propuestas de desarrollo bajo en emisiones y producci\\u00f3n sostenible para el beneficio de la Amazonia Peruana.\",\"potentialAction\":[{\"@type\":\"SearchAction\",\"target\":{\"@type\":\"EntryPoint\",\"urlTemplate\":\"https:\/\/mramazonica.gob.pe\/portal\/?s={search_term_string}\"},\"query-input\":\"required name=search_term_string\"}],\"inLanguage\":\"es\"},{\"@type\":\"ImageObject\",\"@id\":\"https:\/\/mramazonica.gob.pe\/portal\/%f0%9d%97%a0%f0%9d%97%ae%f0%9d%97%bb%f0%9d%97%b0%f0%9d%97%bc%f0%9d%97%ba%f0%9d%98%82%f0%9d%97%bb%f0%9d%97%b6%f0%9d%97%b1%f0%9d%97%ae%f0%9d%97%b1-%f0%9d%97%a5%f0%9d%97%b2%f0%9d%97%b4%f0%9d%97%b6\/#primaryimage\",\"inLanguage\":\"es\",\"url\":\"https:\/\/mramazonica.gob.pe\/portal\/wp-content\/uploads\/2026\/03\/WhatsApp-Image-2026-03-27-at-7.58.25-AM-2.jpeg\",\"contentUrl\":\"https:\/\/mramazonica.gob.pe\/portal\/wp-content\/uploads\/2026\/03\/WhatsApp-Image-2026-03-27-at-7.58.25-AM-2.jpeg\",\"width\":1600,\"height\":1200},{\"@type\":\"WebPage\",\"@id\":\"https:\/\/mramazonica.gob.pe\/portal\/%f0%9d%97%a0%f0%9d%97%ae%f0%9d%97%bb%f0%9d%97%b0%f0%9d%97%bc%f0%9d%97%ba%f0%9d%98%82%f0%9d%97%bb%f0%9d%97%b6%f0%9d%97%b1%f0%9d%97%ae%f0%9d%97%b1-%f0%9d%97%a5%f0%9d%97%b2%f0%9d%97%b4%f0%9d%97%b6\/#webpage\",\"url\":\"https:\/\/mramazonica.gob.pe\/portal\/%f0%9d%97%a0%f0%9d%97%ae%f0%9d%97%bb%f0%9d%97%b0%f0%9d%97%bc%f0%9d%97%ba%f0%9d%98%82%f0%9d%97%bb%f0%9d%97%b6%f0%9d%97%b1%f0%9d%97%ae%f0%9d%97%b1-%f0%9d%97%a5%f0%9d%97%b2%f0%9d%97%b4%f0%9d%97%b6\/\",\"name\":\"\\ud835\\udde0\\ud835\\uddee\\ud835\\uddfb\\ud835\\uddf0\\ud835\\uddfc\\ud835\\uddfa\\ud835\\ude02\\ud835\\uddfb\\ud835\\uddf6\\ud835\\uddf1\\ud835\\uddee\\ud835\\uddf1 \\ud835\\udde5\\ud835\\uddf2\\ud835\\uddf4\\ud835\\uddf6\\ud835\\uddfc\\ud835\\uddfb\\ud835\\uddee\\ud835\\uddf9 \\ud835\\uddd4\\ud835\\uddfa\\ud835\\uddee\\ud835\\ude07\\ud835\\uddfc\\u0301\\ud835\\uddfb\\ud835\\uddf6\\ud835\\uddf0\\ud835\\uddee \\ud835\\ude00\\ud835\\uddf2 \\ud835\\ude00\\ud835\\ude02\\ud835\\uddfa\\ud835\\uddee \\ud835\\uddee \\ud835\\uddf4\\ud835\\uddff\\ud835\\ude02\\ud835\\uddfd\\ud835\\uddfc \\ud835\\ude01\\ud835\\uddf2\\u0301\\ud835\\uddf0\\ud835\\uddfb\\ud835\\uddf6\\ud835\\uddf0\\ud835\\uddfc \\ud835\\uddfd\\ud835\\uddee\\ud835\\uddff\\ud835\\uddee \\ud835\\uddf1\\ud835\\uddf6\\ud835\\ude00\\ud835\\uddf2\\ud835\\uddfb\\u0303\\ud835\\uddee\\ud835\\uddff \\ud835\\uddf9\\ud835\\uddee \\ud835\\uddd8\\ud835\\ude00\\ud835\\ude01\\ud835\\uddff\\ud835\\uddee\\ud835\\ude01\\ud835\\uddf2\\ud835\\uddf4\\ud835\\uddf6\\ud835\\uddee \\ud835\\uddf1\\ud835\\uddf2 \\ud835\\uddd5\\ud835\\uddf6\\ud835\\uddfc\\ud835\\uddf2\\ud835\\uddf0\\ud835\\uddfc\\ud835\\uddfb\\ud835\\uddfc\\ud835\\uddfa\\ud835\\uddf6\\ud835\\uddee \\ud835\\uddf1\\ud835\\uddf2\\ud835\\uddf9 \\ud835\\udde3\\ud835\\uddf2\\ud835\\uddff\\ud835\\ude02\\u0301 - MANCOMUNIDAD REGIONAL AMAZ\\u00d3NICA\",\"isPartOf\":{\"@id\":\"https:\/\/mramazonica.gob.pe\/portal\/#website\"},\"primaryImageOfPage\":{\"@id\":\"https:\/\/mramazonica.gob.pe\/portal\/%f0%9d%97%a0%f0%9d%97%ae%f0%9d%97%bb%f0%9d%97%b0%f0%9d%97%bc%f0%9d%97%ba%f0%9d%98%82%f0%9d%97%bb%f0%9d%97%b6%f0%9d%97%b1%f0%9d%97%ae%f0%9d%97%b1-%f0%9d%97%a5%f0%9d%97%b2%f0%9d%97%b4%f0%9d%97%b6\/#primaryimage\"},\"datePublished\":\"2026-03-27T13:28:45+00:00\",\"dateModified\":\"2026-03-27T13:31:29+00:00\",\"breadcrumb\":{\"@id\":\"https:\/\/mramazonica.gob.pe\/portal\/%f0%9d%97%a0%f0%9d%97%ae%f0%9d%97%bb%f0%9d%97%b0%f0%9d%97%bc%f0%9d%97%ba%f0%9d%98%82%f0%9d%97%bb%f0%9d%97%b6%f0%9d%97%b1%f0%9d%97%ae%f0%9d%97%b1-%f0%9d%97%a5%f0%9d%97%b2%f0%9d%97%b4%f0%9d%97%b6\/#breadcrumb\"},\"inLanguage\":\"es\",\"potentialAction\":[{\"@type\":\"ReadAction\",\"target\":[\"https:\/\/mramazonica.gob.pe\/portal\/%f0%9d%97%a0%f0%9d%97%ae%f0%9d%97%bb%f0%9d%97%b0%f0%9d%97%bc%f0%9d%97%ba%f0%9d%98%82%f0%9d%97%bb%f0%9d%97%b6%f0%9d%97%b1%f0%9d%97%ae%f0%9d%97%b1-%f0%9d%97%a5%f0%9d%97%b2%f0%9d%97%b4%f0%9d%97%b6\/\"]}]},{\"@type\":\"BreadcrumbList\",\"@id\":\"https:\/\/mramazonica.gob.pe\/portal\/%f0%9d%97%a0%f0%9d%97%ae%f0%9d%97%bb%f0%9d%97%b0%f0%9d%97%bc%f0%9d%97%ba%f0%9d%98%82%f0%9d%97%bb%f0%9d%97%b6%f0%9d%97%b1%f0%9d%97%ae%f0%9d%97%b1-%f0%9d%97%a5%f0%9d%97%b2%f0%9d%97%b4%f0%9d%97%b6\/#breadcrumb\",\"itemListElement\":[{\"@type\":\"ListItem\",\"position\":1,\"name\":\"Portada\",\"item\":\"https:\/\/mramazonica.gob.pe\/portal\/\"},{\"@type\":\"ListItem\",\"position\":2,\"name\":\"\\ud835\\udde0\\ud835\\uddee\\ud835\\uddfb\\ud835\\uddf0\\ud835\\uddfc\\ud835\\uddfa\\ud835\\ude02\\ud835\\uddfb\\ud835\\uddf6\\ud835\\uddf1\\ud835\\uddee\\ud835\\uddf1 \\ud835\\udde5\\ud835\\uddf2\\ud835\\uddf4\\ud835\\uddf6\\ud835\\uddfc\\ud835\\uddfb\\ud835\\uddee\\ud835\\uddf9 \\ud835\\uddd4\\ud835\\uddfa\\ud835\\uddee\\ud835\\ude07\\ud835\\uddfc\\u0301\\ud835\\uddfb\\ud835\\uddf6\\ud835\\uddf0\\ud835\\uddee \\ud835\\ude00\\ud835\\uddf2 \\ud835\\ude00\\ud835\\ude02\\ud835\\uddfa\\ud835\\uddee \\ud835\\uddee \\ud835\\uddf4\\ud835\\uddff\\ud835\\ude02\\ud835\\uddfd\\ud835\\uddfc \\ud835\\ude01\\ud835\\uddf2\\u0301\\ud835\\uddf0\\ud835\\uddfb\\ud835\\uddf6\\ud835\\uddf0\\ud835\\uddfc \\ud835\\uddfd\\ud835\\uddee\\ud835\\uddff\\ud835\\uddee \\ud835\\uddf1\\ud835\\uddf6\\ud835\\ude00\\ud835\\uddf2\\ud835\\uddfb\\u0303\\ud835\\uddee\\ud835\\uddff \\ud835\\uddf9\\ud835\\uddee \\ud835\\uddd8\\ud835\\ude00\\ud835\\ude01\\ud835\\uddff\\ud835\\uddee\\ud835\\ude01\\ud835\\uddf2\\ud835\\uddf4\\ud835\\uddf6\\ud835\\uddee \\ud835\\uddf1\\ud835\\uddf2 \\ud835\\uddd5\\ud835\\uddf6\\ud835\\uddfc\\ud835\\uddf2\\ud835\\uddf0\\ud835\\uddfc\\ud835\\uddfb\\ud835\\uddfc\\ud835\\uddfa\\ud835\\uddf6\\ud835\\uddee \\ud835\\uddf1\\ud835\\uddf2\\ud835\\uddf9 \\ud835\\udde3\\ud835\\uddf2\\ud835\\uddff\\ud835\\ude02\\u0301\"}]}]}<\/script>\n<!-- \/ Yoast SEO plugin. -->","yoast_head_json":{"title":"\ud835\udde0\ud835\uddee\ud835\uddfb\ud835\uddf0\ud835\uddfc\ud835\uddfa\ud835\ude02\ud835\uddfb\ud835\uddf6\ud835\uddf1\ud835\uddee\ud835\uddf1 \ud835\udde5\ud835\uddf2\ud835\uddf4\ud835\uddf6\ud835\uddfc\ud835\uddfb\ud835\uddee\ud835\uddf9 \ud835\uddd4\ud835\uddfa\ud835\uddee\ud835\ude07\ud835\uddfc\u0301\ud835\uddfb\ud835\uddf6\ud835\uddf0\ud835\uddee \ud835\ude00\ud835\uddf2 \ud835\ude00\ud835\ude02\ud835\uddfa\ud835\uddee \ud835\uddee \ud835\uddf4\ud835\uddff\ud835\ude02\ud835\uddfd\ud835\uddfc \ud835\ude01\ud835\uddf2\u0301\ud835\uddf0\ud835\uddfb\ud835\uddf6\ud835\uddf0\ud835\uddfc \ud835\uddfd\ud835\uddee\ud835\uddff\ud835\uddee \ud835\uddf1\ud835\uddf6\ud835\ude00\ud835\uddf2\ud835\uddfb\u0303\ud835\uddee\ud835\uddff \ud835\uddf9\ud835\uddee \ud835\uddd8\ud835\ude00\ud835\ude01\ud835\uddff\ud835\uddee\ud835\ude01\ud835\uddf2\ud835\uddf4\ud835\uddf6\ud835\uddee \ud835\uddf1\ud835\uddf2 \ud835\uddd5\ud835\uddf6\ud835\uddfc\ud835\uddf2\ud835\uddf0\ud835\uddfc\ud835\uddfb\ud835\uddfc\ud835\uddfa\ud835\uddf6\ud835\uddee \ud835\uddf1\ud835\uddf2\ud835\uddf9 \ud835\udde3\ud835\uddf2\ud835\uddff\ud835\ude02\u0301 - MANCOMUNIDAD REGIONAL AMAZ\u00d3NICA","robots":{"index":"index","follow":"follow","max-snippet":"max-snippet:-1","max-image-preview":"max-image-preview:large","max-video-preview":"max-video-preview:-1"},"canonical":"https:\/\/mramazonica.gob.pe\/portal\/\ud835\udde0\ud835\uddee\ud835\uddfb\ud835\uddf0\ud835\uddfc\ud835\uddfa\ud835\ude02\ud835\uddfb\ud835\uddf6\ud835\uddf1\ud835\uddee\ud835\uddf1-\ud835\udde5\ud835\uddf2\ud835\uddf4\ud835\uddf6\/","og_locale":"es_ES","og_type":"article","og_title":"\ud835\udde0\ud835\uddee\ud835\uddfb\ud835\uddf0\ud835\uddfc\ud835\uddfa\ud835\ude02\ud835\uddfb\ud835\uddf6\ud835\uddf1\ud835\uddee\ud835\uddf1 \ud835\udde5\ud835\uddf2\ud835\uddf4\ud835\uddf6\ud835\uddfc\ud835\uddfb\ud835\uddee\ud835\uddf9 \ud835\uddd4\ud835\uddfa\ud835\uddee\ud835\ude07\ud835\uddfc\u0301\ud835\uddfb\ud835\uddf6\ud835\uddf0\ud835\uddee \ud835\ude00\ud835\uddf2 \ud835\ude00\ud835\ude02\ud835\uddfa\ud835\uddee \ud835\uddee \ud835\uddf4\ud835\uddff\ud835\ude02\ud835\uddfd\ud835\uddfc \ud835\ude01\ud835\uddf2\u0301\ud835\uddf0\ud835\uddfb\ud835\uddf6\ud835\uddf0\ud835\uddfc \ud835\uddfd\ud835\uddee\ud835\uddff\ud835\uddee \ud835\uddf1\ud835\uddf6\ud835\ude00\ud835\uddf2\ud835\uddfb\u0303\ud835\uddee\ud835\uddff \ud835\uddf9\ud835\uddee \ud835\uddd8\ud835\ude00\ud835\ude01\ud835\uddff\ud835\uddee\ud835\ude01\ud835\uddf2\ud835\uddf4\ud835\uddf6\ud835\uddee \ud835\uddf1\ud835\uddf2 \ud835\uddd5\ud835\uddf6\ud835\uddfc\ud835\uddf2\ud835\uddf0\ud835\uddfc\ud835\uddfb\ud835\uddfc\ud835\uddfa\ud835\uddf6\ud835\uddee \ud835\uddf1\ud835\uddf2\ud835\uddf9 \ud835\udde3\ud835\uddf2\ud835\uddff\ud835\ude02\u0301 - MANCOMUNIDAD REGIONAL AMAZ\u00d3NICA","og_description":"La Mancomunidad Regional Amaz\u00f3nica se suma al Comit\u00e9 T\u00e9cnico P\u00fablico Privado (CTPP) del Objetivo Prioritario 9 \u2013 Sostenibilidad Ambiental, para el dise\u00f1o de la Estrategia de Bioeconom\u00eda del Per\u00fa, un espacio clave liderado por el Ministerio del Ambiente que articula esfuerzos entre el sector p\u00fablico, privado, la academia y la cooperaci\u00f3n internacional. Esta incorporaci\u00f3n refuerza [&hellip;]","og_url":"https:\/\/mramazonica.gob.pe\/portal\/\ud835\udde0\ud835\uddee\ud835\uddfb\ud835\uddf0\ud835\uddfc\ud835\uddfa\ud835\ude02\ud835\uddfb\ud835\uddf6\ud835\uddf1\ud835\uddee\ud835\uddf1-\ud835\udde5\ud835\uddf2\ud835\uddf4\ud835\uddf6\/","og_site_name":"MANCOMUNIDAD REGIONAL AMAZ\u00d3NICA","article_modified_time":"2026-03-27T13:31:29+00:00","og_image":[{"width":1600,"height":1200,"url":"https:\/\/mramazonica.gob.pe\/portal\/wp-content\/uploads\/2026\/03\/WhatsApp-Image-2026-03-27-at-7.58.25-AM-2.jpeg","path":"\/home\/u594077995\/domains\/mramazonica.gob.pe\/public_html\/portal\/wp-content\/uploads\/2026\/03\/WhatsApp-Image-2026-03-27-at-7.58.25-AM-2.jpeg","size":"full","id":4846,"alt":"","pixels":1920000,"type":"image\/jpeg"}],"twitter_card":"summary_large_image","twitter_misc":{"Tiempo de lectura":"1 minuto"},"schema":{"@context":"https:\/\/schema.org","@graph":[{"@type":"WebSite","@id":"https:\/\/mramazonica.gob.pe\/portal\/#website","url":"https:\/\/mramazonica.gob.pe\/portal\/","name":"MANCOMUNIDAD REGIONAL AMAZ\u00d3NICA","description":"Promover propuestas de desarrollo bajo en emisiones y producci\u00f3n sostenible para el beneficio de la Amazonia Peruana.","potentialAction":[{"@type":"SearchAction","target":{"@type":"EntryPoint","urlTemplate":"https:\/\/mramazonica.gob.pe\/portal\/?s={search_term_string}"},"query-input":"required name=search_term_string"}],"inLanguage":"es"},{"@type":"ImageObject","@id":"https:\/\/mramazonica.gob.pe\/portal\/%f0%9d%97%a0%f0%9d%97%ae%f0%9d%97%bb%f0%9d%97%b0%f0%9d%97%bc%f0%9d%97%ba%f0%9d%98%82%f0%9d%97%bb%f0%9d%97%b6%f0%9d%97%b1%f0%9d%97%ae%f0%9d%97%b1-%f0%9d%97%a5%f0%9d%97%b2%f0%9d%97%b4%f0%9d%97%b6\/#primaryimage","inLanguage":"es","url":"https:\/\/mramazonica.gob.pe\/portal\/wp-content\/uploads\/2026\/03\/WhatsApp-Image-2026-03-27-at-7.58.25-AM-2.jpeg","contentUrl":"https:\/\/mramazonica.gob.pe\/portal\/wp-content\/uploads\/2026\/03\/WhatsApp-Image-2026-03-27-at-7.58.25-AM-2.jpeg","width":1600,"height":1200},{"@type":"WebPage","@id":"https:\/\/mramazonica.gob.pe\/portal\/%f0%9d%97%a0%f0%9d%97%ae%f0%9d%97%bb%f0%9d%97%b0%f0%9d%97%bc%f0%9d%97%ba%f0%9d%98%82%f0%9d%97%bb%f0%9d%97%b6%f0%9d%97%b1%f0%9d%97%ae%f0%9d%97%b1-%f0%9d%97%a5%f0%9d%97%b2%f0%9d%97%b4%f0%9d%97%b6\/#webpage","url":"https:\/\/mramazonica.gob.pe\/portal\/%f0%9d%97%a0%f0%9d%97%ae%f0%9d%97%bb%f0%9d%97%b0%f0%9d%97%bc%f0%9d%97%ba%f0%9d%98%82%f0%9d%97%bb%f0%9d%97%b6%f0%9d%97%b1%f0%9d%97%ae%f0%9d%97%b1-%f0%9d%97%a5%f0%9d%97%b2%f0%9d%97%b4%f0%9d%97%b6\/","name":"\ud835\udde0\ud835\uddee\ud835\uddfb\ud835\uddf0\ud835\uddfc\ud835\uddfa\ud835\ude02\ud835\uddfb\ud835\uddf6\ud835\uddf1\ud835\uddee\ud835\uddf1 \ud835\udde5\ud835\uddf2\ud835\uddf4\ud835\uddf6\ud835\uddfc\ud835\uddfb\ud835\uddee\ud835\uddf9 \ud835\uddd4\ud835\uddfa\ud835\uddee\ud835\ude07\ud835\uddfc\u0301\ud835\uddfb\ud835\uddf6\ud835\uddf0\ud835\uddee \ud835\ude00\ud835\uddf2 \ud835\ude00\ud835\ude02\ud835\uddfa\ud835\uddee \ud835\uddee \ud835\uddf4\ud835\uddff\ud835\ude02\ud835\uddfd\ud835\uddfc \ud835\ude01\ud835\uddf2\u0301\ud835\uddf0\ud835\uddfb\ud835\uddf6\ud835\uddf0\ud835\uddfc \ud835\uddfd\ud835\uddee\ud835\uddff\ud835\uddee \ud835\uddf1\ud835\uddf6\ud835\ude00\ud835\uddf2\ud835\uddfb\u0303\ud835\uddee\ud835\uddff \ud835\uddf9\ud835\uddee \ud835\uddd8\ud835\ude00\ud835\ude01\ud835\uddff\ud835\uddee\ud835\ude01\ud835\uddf2\ud835\uddf4\ud835\uddf6\ud835\uddee \ud835\uddf1\ud835\uddf2 \ud835\uddd5\ud835\uddf6\ud835\uddfc\ud835\uddf2\ud835\uddf0\ud835\uddfc\ud835\uddfb\ud835\uddfc\ud835\uddfa\ud835\uddf6\ud835\uddee \ud835\uddf1\ud835\uddf2\ud835\uddf9 \ud835\udde3\ud835\uddf2\ud835\uddff\ud835\ude02\u0301 - MANCOMUNIDAD REGIONAL AMAZ\u00d3NICA","isPartOf":{"@id":"https:\/\/mramazonica.gob.pe\/portal\/#website"},"primaryImageOfPage":{"@id":"https:\/\/mramazonica.gob.pe\/portal\/%f0%9d%97%a0%f0%9d%97%ae%f0%9d%97%bb%f0%9d%97%b0%f0%9d%97%bc%f0%9d%97%ba%f0%9d%98%82%f0%9d%97%bb%f0%9d%97%b6%f0%9d%97%b1%f0%9d%97%ae%f0%9d%97%b1-%f0%9d%97%a5%f0%9d%97%b2%f0%9d%97%b4%f0%9d%97%b6\/#primaryimage"},"datePublished":"2026-03-27T13:28:45+00:00","dateModified":"2026-03-27T13:31:29+00:00","breadcrumb":{"@id":"https:\/\/mramazonica.gob.pe\/portal\/%f0%9d%97%a0%f0%9d%97%ae%f0%9d%97%bb%f0%9d%97%b0%f0%9d%97%bc%f0%9d%97%ba%f0%9d%98%82%f0%9d%97%bb%f0%9d%97%b6%f0%9d%97%b1%f0%9d%97%ae%f0%9d%97%b1-%f0%9d%97%a5%f0%9d%97%b2%f0%9d%97%b4%f0%9d%97%b6\/#breadcrumb"},"inLanguage":"es","potentialAction":[{"@type":"ReadAction","target":["https:\/\/mramazonica.gob.pe\/portal\/%f0%9d%97%a0%f0%9d%97%ae%f0%9d%97%bb%f0%9d%97%b0%f0%9d%97%bc%f0%9d%97%ba%f0%9d%98%82%f0%9d%97%bb%f0%9d%97%b6%f0%9d%97%b1%f0%9d%97%ae%f0%9d%97%b1-%f0%9d%97%a5%f0%9d%97%b2%f0%9d%97%b4%f0%9d%97%b6\/"]}]},{"@type":"BreadcrumbList","@id":"https:\/\/mramazonica.gob.pe\/portal\/%f0%9d%97%a0%f0%9d%97%ae%f0%9d%97%bb%f0%9d%97%b0%f0%9d%97%bc%f0%9d%97%ba%f0%9d%98%82%f0%9d%97%bb%f0%9d%97%b6%f0%9d%97%b1%f0%9d%97%ae%f0%9d%97%b1-%f0%9d%97%a5%f0%9d%97%b2%f0%9d%97%b4%f0%9d%97%b6\/#breadcrumb","itemListElement":[{"@type":"ListItem","position":1,"name":"Portada","item":"https:\/\/mramazonica.gob.pe\/portal\/"},{"@type":"ListItem","position":2,"name":"\ud835\udde0\ud835\uddee\ud835\uddfb\ud835\uddf0\ud835\uddfc\ud835\uddfa\ud835\ude02\ud835\uddfb\ud835\uddf6\ud835\uddf1\ud835\uddee\ud835\uddf1 \ud835\udde5\ud835\uddf2\ud835\uddf4\ud835\uddf6\ud835\uddfc\ud835\uddfb\ud835\uddee\ud835\uddf9 \ud835\uddd4\ud835\uddfa\ud835\uddee\ud835\ude07\ud835\uddfc\u0301\ud835\uddfb\ud835\uddf6\ud835\uddf0\ud835\uddee \ud835\ude00\ud835\uddf2 \ud835\ude00\ud835\ude02\ud835\uddfa\ud835\uddee \ud835\uddee \ud835\uddf4\ud835\uddff\ud835\ude02\ud835\uddfd\ud835\uddfc \ud835\ude01\ud835\uddf2\u0301\ud835\uddf0\ud835\uddfb\ud835\uddf6\ud835\uddf0\ud835\uddfc \ud835\uddfd\ud835\uddee\ud835\uddff\ud835\uddee \ud835\uddf1\ud835\uddf6\ud835\ude00\ud835\uddf2\ud835\uddfb\u0303\ud835\uddee\ud835\uddff \ud835\uddf9\ud835\uddee \ud835\uddd8\ud835\ude00\ud835\ude01\ud835\uddff\ud835\uddee\ud835\ude01\ud835\uddf2\ud835\uddf4\ud835\uddf6\ud835\uddee \ud835\uddf1\ud835\uddf2 \ud835\uddd5\ud835\uddf6\ud835\uddfc\ud835\uddf2\ud835\uddf0\ud835\uddfc\ud835\uddfb\ud835\uddfc\ud835\uddfa\ud835\uddf6\ud835\uddee \ud835\uddf1\ud835\uddf2\ud835\uddf9 \ud835\udde3\ud835\uddf2\ud835\uddff\ud835\ude02\u0301"}]}]}},"_links":{"self":[{"href":"https:\/\/mramazonica.gob.pe\/portal\/wp-json\/wp\/v2\/pages\/4845"}],"collection":[{"href":"https:\/\/mramazonica.gob.pe\/portal\/wp-json\/wp\/v2\/pages"}],"about":[{"href":"https:\/\/mramazonica.gob.pe\/portal\/wp-json\/wp\/v2\/types\/page"}],"author":[{"embeddable":true,"href":"https:\/\/mramazonica.gob.pe\/portal\/wp-json\/wp\/v2\/users\/5"}],"replies":[{"embeddable":true,"href":"https:\/\/mramazonica.gob.pe\/portal\/wp-json\/wp\/v2\/comments?post=4845"}],"version-history":[{"count":1,"href":"https:\/\/mramazonica.gob.pe\/portal\/wp-json\/wp\/v2\/pages\/4845\/revisions"}],"predecessor-version":[{"id":4848,"href":"https:\/\/mramazonica.gob.pe\/portal\/wp-json\/wp\/v2\/pages\/4845\/revisions\/4848"}],"wp:featuredmedia":[{"embeddable":true,"href":"https:\/\/mramazonica.gob.pe\/portal\/wp-json\/wp\/v2\/media\/4846"}],"wp:attachment":[{"href":"https:\/\/mramazonica.gob.pe\/portal\/wp-json\/wp\/v2\/media?parent=4845"}],"wp:term":[{"taxonomy":"wf_page_folders","embeddable":true,"href":"https:\/\/mramazonica.gob.pe\/portal\/wp-json\/wp\/v2\/wf_page_folders?post=4845"}],"curies":[{"name":"wp","href":"https:\/\/api.w.org\/{rel}","templated":true}]}}